{"id":4559,"date":"2021-09-08T12:17:45","date_gmt":"2021-09-08T10:17:45","guid":{"rendered":"https:\/\/healingfromsource.com\/meditation-retreats\/"},"modified":"2026-04-14T10:38:12","modified_gmt":"2026-04-14T08:38:12","slug":"meditation-retreats","status":"publish","type":"page","link":"https:\/\/healingfromsource.com\/de\/meditation-retreats\/","title":{"rendered":"Meditation \/ Retreats"},"content":{"rendered":"\t\t<div data-elementor-type=\"wp-page\" data-elementor-id=\"4559\" class=\"elementor elementor-4559 elementor-265\" data-elementor-post-type=\"page\">\n\t\t\t\t\t\t<section class=\"elementor-section elementor-top-section elementor-element elementor-element-aeb5191 elementor-section-full_width elementor-section-height-default elementor-section-height-default\" data-id=\"aeb5191\" data-element_type=\"section\" data-e-type=\"section\">\n\t\t\t\t\t\t<div class=\"elementor-container elementor-column-gap-no\">\n\t\t\t\t\t<div class=\"elementor-column elementor-col-100 elementor-top-column elementor-element elementor-element-4c98678\" data-id=\"4c98678\" data-element_type=\"column\" data-e-type=\"column\">\n\t\t\t<div class=\"elementor-widget-wrap elementor-element-populated\">\n\t\t\t\t\t\t<div class=\"elementor-element elementor-element-bab938b elementor-widget__width-inherit elementor-widget elementor-widget-image\" data-id=\"bab938b\" data-element_type=\"widget\" data-e-type=\"widget\" data-widget_type=\"image.default\">\n\t\t\t\t<div class=\"elementor-widget-container\">\n\t\t\t\t\t\t\t\t\t\t\t\t\t\t\t<img fetchpriority=\"high\" decoding=\"async\" width=\"1920\" height=\"900\" src=\"https:\/\/healingfromsource.com\/wp-content\/uploads\/2021\/11\/Classes-meditation-trauma-healing.jpg\" class=\"attachment-full size-full wp-image-4570\" alt=\"Kurse-Meditation-Traumheilung\" srcset=\"https:\/\/healingfromsource.com\/wp-content\/uploads\/2021\/11\/Classes-meditation-trauma-healing.jpg 1920w, https:\/\/healingfromsource.com\/wp-content\/uploads\/2021\/11\/Classes-meditation-trauma-healing-300x141.jpg 300w, https:\/\/healingfromsource.com\/wp-content\/uploads\/2021\/11\/Classes-meditation-trauma-healing-1024x480.jpg 1024w, https:\/\/healingfromsource.com\/wp-content\/uploads\/2021\/11\/Classes-meditation-trauma-healing-768x360.jpg 768w, https:\/\/healingfromsource.com\/wp-content\/uploads\/2021\/11\/Classes-meditation-trauma-healing-1536x720.jpg 1536w\" sizes=\"(max-width: 1920px) 100vw, 1920px\" \/>\t\t\t\t\t\t\t\t\t\t\t\t\t\t\t<\/div>\n\t\t\t\t<\/div>\n\t\t\t\t\t<\/div>\n\t\t<\/div>\n\t\t\t\t\t<\/div>\n\t\t<\/section>\n\t\t\t\t<section class=\"elementor-section elementor-top-section elementor-element elementor-element-8f72860 elementor-section-boxed elementor-section-height-default elementor-section-height-default\" data-id=\"8f72860\" data-element_type=\"section\" data-e-type=\"section\">\n\t\t\t\t\t\t<div class=\"elementor-container elementor-column-gap-default\">\n\t\t\t\t\t<div class=\"elementor-column elementor-col-100 elementor-top-column elementor-element elementor-element-1236c61\" data-id=\"1236c61\" data-element_type=\"column\" data-e-type=\"column\">\n\t\t\t<div class=\"elementor-widget-wrap elementor-element-populated\">\n\t\t\t\t\t\t<div class=\"elementor-element elementor-element-fa1832a elementor-widget elementor-widget-spacer\" data-id=\"fa1832a\" data-element_type=\"widget\" data-e-type=\"widget\" data-widget_type=\"spacer.default\">\n\t\t\t\t<div class=\"elementor-widget-container\">\n\t\t\t\t\t\t\t<div class=\"elementor-spacer\">\n\t\t\t<div class=\"elementor-spacer-inner\"><\/div>\n\t\t<\/div>\n\t\t\t\t\t\t<\/div>\n\t\t\t\t<\/div>\n\t\t\t\t<div class=\"elementor-element elementor-element-6631d5c elementor-widget elementor-widget-heading\" data-id=\"6631d5c\" data-element_type=\"widget\" data-e-type=\"widget\" data-widget_type=\"heading.default\">\n\t\t\t\t<div class=\"elementor-widget-container\">\n\t\t\t\t\t<h1 class=\"elementor-heading-title elementor-size-medium\">Traumheilung und somatische Meditation <\/h1>\t\t\t\t<\/div>\n\t\t\t\t<\/div>\n\t\t\t\t<div class=\"elementor-element elementor-element-6019603 elementor-widget elementor-widget-text-editor\" data-id=\"6019603\" data-element_type=\"widget\" data-e-type=\"widget\" data-widget_type=\"text-editor.default\">\n\t\t\t\t<div class=\"elementor-widget-container\">\n\t\t\t\t\t\t\t\t\t<p>Bei Deep Presence biete ich eine Reihe von Kursen und Retreats f\u00fcr Traumheilung &amp; somatische Meditation an, die darauf ausgerichtet sind, Sie zu unterst\u00fctzen, zu ermutigen und Ihnen einen sicheren Raum zu bieten, um F\u00e4higkeiten der Selbstwahrnehmung zu entwickeln. Bewusstwerdung ist der erste Schritt zur Heilung. Unten finden Sie eine Zusammenfassung der Kurse und Retreats, die ich derzeit anbiete. Um mehr zu erfahren oder \u00fcber kommende Veranstaltungen informiert zu bleiben, <a href=\"mailto:info@healingfromsource.com\" rel=\"noopener\">kontaktieren Sie mich<\/a> einfach.   <\/p>\t\t\t\t\t\t\t\t<\/div>\n\t\t\t\t<\/div>\n\t\t\t\t\t<\/div>\n\t\t<\/div>\n\t\t\t\t\t<\/div>\n\t\t<\/section>\n\t\t\t\t<section class=\"elementor-section elementor-top-section elementor-element elementor-element-27bbe26 elementor-section-boxed elementor-section-height-default elementor-section-height-default\" data-id=\"27bbe26\" data-element_type=\"section\" data-e-type=\"section\">\n\t\t\t\t\t\t\t<div class=\"elementor-background-overlay\"><\/div>\n\t\t\t\t\t\t\t<div class=\"elementor-container elementor-column-gap-default\">\n\t\t\t\t\t<div class=\"elementor-column elementor-col-100 elementor-top-column elementor-element elementor-element-df763fe\" data-id=\"df763fe\" data-element_type=\"column\" data-e-type=\"column\">\n\t\t\t<div class=\"elementor-widget-wrap elementor-element-populated\">\n\t\t\t\t\t\t<div class=\"elementor-element elementor-element-055a72b elementor-widget elementor-widget-spacer\" data-id=\"055a72b\" data-element_type=\"widget\" data-e-type=\"widget\" data-widget_type=\"spacer.default\">\n\t\t\t\t<div class=\"elementor-widget-container\">\n\t\t\t\t\t\t\t<div class=\"elementor-spacer\">\n\t\t\t<div class=\"elementor-spacer-inner\"><\/div>\n\t\t<\/div>\n\t\t\t\t\t\t<\/div>\n\t\t\t\t<\/div>\n\t\t\t\t<div class=\"elementor-element elementor-element-d2923b7 elementor-widget elementor-widget-heading\" data-id=\"d2923b7\" data-element_type=\"widget\" data-e-type=\"widget\" data-widget_type=\"heading.default\">\n\t\t\t\t<div class=\"elementor-widget-container\">\n\t\t\t\t\t<h1 class=\"elementor-heading-title elementor-size-default\">Traumheilung (Schweiz)<\/h1>\t\t\t\t<\/div>\n\t\t\t\t<\/div>\n\t\t\t\t<div class=\"elementor-element elementor-element-3a2fc7a elementor-widget elementor-widget-text-editor\" data-id=\"3a2fc7a\" data-element_type=\"widget\" data-e-type=\"widget\" data-widget_type=\"text-editor.default\">\n\t\t\t\t<div class=\"elementor-widget-container\">\n\t\t\t\t\t\t\t\t\t<p><span style=\"font-weight: 400;\">Ich biete transformative Gruppenarbeit an, die auf einem somatischen Ansatz zur Traumheilung basiert, der sich in der Traumatherapie als \u00e4u\u00dferst effektiv erwiesen hat. Ich f\u00fchre Menschen durch einen Prozess, der Elemente der Achtsamkeitspraxis, gef\u00fchrte Meditation und psychotherapeutische Interventionen zur Trauma-Genesung umfasst. <\/span><\/p><p><span style=\"font-weight: 400;\">Diese vertraulichen therapeutischen Gruppenumgebungen schaffen einen sicheren Rahmen, in dem Sie die Verbindungen zwischen Ihren Gef\u00fchlen und Gedanken erforschen k\u00f6nnen. Indem Sie behutsam eine gegenw\u00e4rtige Achtsamkeit f\u00fcr diese entwickeln, erm\u00f6glichen Sie das Hervortreten Ihrer Selbstheilungskr\u00e4fte.  <\/span><\/p>\t\t\t\t\t\t\t\t<\/div>\n\t\t\t\t<\/div>\n\t\t\t\t<div class=\"elementor-element elementor-element-daa0f3d elementor-align-center elementor-widget elementor-widget-button\" data-id=\"daa0f3d\" data-element_type=\"widget\" data-e-type=\"widget\" data-widget_type=\"button.default\">\n\t\t\t\t<div class=\"elementor-widget-container\">\n\t\t\t\t\t\t\t\t\t<div class=\"elementor-button-wrapper\">\n\t\t\t\t\t<a class=\"elementor-button elementor-button-link elementor-size-sm\" href=\"https:\/\/healingfromsource.com\/de\/events\/category\/veranstaltungen\/\" target=\"_blank\">\n\t\t\t\t\t\t<span class=\"elementor-button-content-wrapper\">\n\t\t\t\t\t\t\t\t\t<span class=\"elementor-button-text\">Veranstaltungskalender<\/span>\n\t\t\t\t\t<\/span>\n\t\t\t\t\t<\/a>\n\t\t\t\t<\/div>\n\t\t\t\t\t\t\t\t<\/div>\n\t\t\t\t<\/div>\n\t\t\t\t\t<\/div>\n\t\t<\/div>\n\t\t\t\t\t<\/div>\n\t\t<\/section>\n\t\t\t\t<section class=\"elementor-section elementor-top-section elementor-element elementor-element-2618b1b elementor-section-boxed elementor-section-height-default elementor-section-height-default\" data-id=\"2618b1b\" data-element_type=\"section\" data-e-type=\"section\">\n\t\t\t\t\t\t<div class=\"elementor-container elementor-column-gap-default\">\n\t\t\t\t\t<div class=\"elementor-column elementor-col-100 elementor-top-column elementor-element elementor-element-9492d40\" data-id=\"9492d40\" data-element_type=\"column\" data-e-type=\"column\">\n\t\t\t<div class=\"elementor-widget-wrap elementor-element-populated\">\n\t\t\t\t\t\t<div class=\"elementor-element elementor-element-45fba1f elementor-widget elementor-widget-spacer\" data-id=\"45fba1f\" data-element_type=\"widget\" data-e-type=\"widget\" data-widget_type=\"spacer.default\">\n\t\t\t\t<div class=\"elementor-widget-container\">\n\t\t\t\t\t\t\t<div class=\"elementor-spacer\">\n\t\t\t<div class=\"elementor-spacer-inner\"><\/div>\n\t\t<\/div>\n\t\t\t\t\t\t<\/div>\n\t\t\t\t<\/div>\n\t\t\t\t<div class=\"elementor-element elementor-element-4d57bbf elementor-widget elementor-widget-heading\" data-id=\"4d57bbf\" data-element_type=\"widget\" data-e-type=\"widget\" data-widget_type=\"heading.default\">\n\t\t\t\t<div class=\"elementor-widget-container\">\n\t\t\t\t\t<h1 class=\"elementor-heading-title elementor-size-default\">Somatische Meditationskurse (Z\u00fcrich)<\/h1>\t\t\t\t<\/div>\n\t\t\t\t<\/div>\n\t\t\t\t<div class=\"elementor-element elementor-element-a1191e6 elementor-widget elementor-widget-text-editor\" data-id=\"a1191e6\" data-element_type=\"widget\" data-e-type=\"widget\" data-widget_type=\"text-editor.default\">\n\t\t\t\t<div class=\"elementor-widget-container\">\n\t\t\t\t\t\t\t\t\t<p><span style=\"font-weight: 400;\">Sandra lehrt die Grundlagen somatischer Meditationspraktiken, die Sie leicht in Ihre t\u00e4gliche Meditations- und Achtsamkeitspraxis integrieren k\u00f6nnen. Selbst f\u00fcr erfahrene Meditierende sind diese Lehren eine wertvolle Erweiterung ihrer Praxis, da sie einen einzigartigen Ansatz bieten, aus einem tief empfundenen K\u00f6rperbewusstsein heraus zu meditieren. Durch somatische Meditation verbinden wir uns mit der inh\u00e4renten Wachheit, die bereits im K\u00f6rper pr\u00e4sent ist. Diese Lehren sind von den fortgeschrittensten Lehren des tibetischen Buddhismus inspiriert, die besagen, dass wahre Realisation im K\u00f6rper und nirgendwo sonst zu finden ist.   <\/span><\/p>\t\t\t\t\t\t\t\t<\/div>\n\t\t\t\t<\/div>\n\t\t\t\t<div class=\"elementor-element elementor-element-5b7565c elementor-align-center elementor-widget elementor-widget-button\" data-id=\"5b7565c\" data-element_type=\"widget\" data-e-type=\"widget\" data-widget_type=\"button.default\">\n\t\t\t\t<div class=\"elementor-widget-container\">\n\t\t\t\t\t\t\t\t\t<div class=\"elementor-button-wrapper\">\n\t\t\t\t\t<a class=\"elementor-button elementor-button-link elementor-size-sm\" href=\"https:\/\/healingfromsource.com\/de\/events\/category\/veranstaltungen\/\" target=\"_blank\">\n\t\t\t\t\t\t<span class=\"elementor-button-content-wrapper\">\n\t\t\t\t\t\t\t\t\t<span class=\"elementor-button-text\">Veranstaltungskalender<\/span>\n\t\t\t\t\t<\/span>\n\t\t\t\t\t<\/a>\n\t\t\t\t<\/div>\n\t\t\t\t\t\t\t\t<\/div>\n\t\t\t\t<\/div>\n\t\t\t\t<div class=\"elementor-element elementor-element-cfd513e elementor-widget elementor-widget-spacer\" data-id=\"cfd513e\" data-element_type=\"widget\" data-e-type=\"widget\" data-widget_type=\"spacer.default\">\n\t\t\t\t<div class=\"elementor-widget-container\">\n\t\t\t\t\t\t\t<div class=\"elementor-spacer\">\n\t\t\t<div class=\"elementor-spacer-inner\"><\/div>\n\t\t<\/div>\n\t\t\t\t\t\t<\/div>\n\t\t\t\t<\/div>\n\t\t\t\t\t<\/div>\n\t\t<\/div>\n\t\t\t\t\t<\/div>\n\t\t<\/section>\n\t\t\t\t<section class=\"elementor-section elementor-top-section elementor-element elementor-element-6528fe9 elementor-section-full_width elementor-section-height-full elementor-section-height-default elementor-section-items-middle\" data-id=\"6528fe9\" data-element_type=\"section\" data-e-type=\"section\" data-settings=\"{&quot;background_background&quot;:&quot;classic&quot;}\">\n\t\t\t\t\t\t<div class=\"elementor-container elementor-column-gap-no\">\n\t\t\t\t\t<div class=\"elementor-column elementor-col-100 elementor-top-column elementor-element elementor-element-d36544e\" data-id=\"d36544e\" data-element_type=\"column\" data-e-type=\"column\">\n\t\t\t<div class=\"elementor-widget-wrap\">\n\t\t\t\t\t\t\t<\/div>\n\t\t<\/div>\n\t\t\t\t\t<\/div>\n\t\t<\/section>\n\t\t\t\t<\/div>\n\t\t","protected":false},"excerpt":{"rendered":"<p>Traumheilung und somatische Meditation Bei Deep Presence biete ich eine Reihe von Kursen und Retreats f\u00fcr Traumheilung &amp; somatische Meditation an, die darauf ausgerichtet sind, Sie zu unterst\u00fctzen, zu ermutigen [&hellip;]<\/p>\n","protected":false},"author":1,"featured_media":4292,"parent":0,"menu_order":0,"comment_status":"closed","ping_status":"closed","template":"elementor_header_footer","meta":{"_price":"","_stock":"","_tribe_ticket_header":"","_tribe_default_ticket_provider":"","_tribe_ticket_capacity":"0","_ticket_start_date":"","_ticket_end_date":"","_tribe_ticket_show_description":"","_tribe_ticket_show_not_going":false,"_tribe_ticket_use_global_stock":"","_tribe_ticket_global_stock_level":"","_global_stock_mode":"","_global_stock_cap":"","_tribe_rsvp_for_event":"","_tribe_ticket_going_count":"","_tribe_ticket_not_going_count":"","_tribe_tickets_list":"[]","_tribe_ticket_has_attendee_info_fields":false,"footnotes":"","_tec_slr_enabled":"","_tec_slr_layout":""},"class_list":["post-4559","page","type-page","status-publish","has-post-thumbnail","hentry"],"ticketed":false,"_links":{"self":[{"href":"https:\/\/healingfromsource.com\/de\/wp-json\/wp\/v2\/pages\/4559","targetHints":{"allow":["GET"]}}],"collection":[{"href":"https:\/\/healingfromsource.com\/de\/wp-json\/wp\/v2\/pages"}],"about":[{"href":"https:\/\/healingfromsource.com\/de\/wp-json\/wp\/v2\/types\/page"}],"author":[{"embeddable":true,"href":"https:\/\/healingfromsource.com\/de\/wp-json\/wp\/v2\/users\/1"}],"replies":[{"embeddable":true,"href":"https:\/\/healingfromsource.com\/de\/wp-json\/wp\/v2\/comments?post=4559"}],"version-history":[{"count":2,"href":"https:\/\/healingfromsource.com\/de\/wp-json\/wp\/v2\/pages\/4559\/revisions"}],"predecessor-version":[{"id":4750,"href":"https:\/\/healingfromsource.com\/de\/wp-json\/wp\/v2\/pages\/4559\/revisions\/4750"}],"wp:featuredmedia":[{"embeddable":true,"href":"https:\/\/healingfromsource.com\/de\/wp-json\/wp\/v2\/media\/4292"}],"wp:attachment":[{"href":"https:\/\/healingfromsource.com\/de\/wp-json\/wp\/v2\/media?parent=4559"}],"curies":[{"name":"wp","href":"https:\/\/api.w.org\/{rel}","templated":true}]}}