{"id":4431,"date":"2021-09-13T21:00:18","date_gmt":"2021-09-13T19:00:18","guid":{"rendered":"https:\/\/healingfromsource.com\/workshops-zur-traumheilung\/"},"modified":"2026-04-14T10:38:08","modified_gmt":"2026-04-14T08:38:08","slug":"workshops-zur-traumheilung","status":"publish","type":"page","link":"https:\/\/healingfromsource.com\/de\/workshops-zur-traumheilung\/","title":{"rendered":"Workshops zur Traumheilung"},"content":{"rendered":"\t\t<div data-elementor-type=\"wp-page\" data-elementor-id=\"4431\" class=\"elementor elementor-4431 elementor-485\" data-elementor-post-type=\"page\">\n\t\t\t\t\t\t<section class=\"elementor-section elementor-top-section elementor-element elementor-element-62a413c elementor-section-boxed elementor-section-height-default elementor-section-height-default\" data-id=\"62a413c\" data-element_type=\"section\" data-e-type=\"section\">\n\t\t\t\t\t\t<div class=\"elementor-container elementor-column-gap-default\">\n\t\t\t\t\t<div class=\"elementor-column elementor-col-100 elementor-top-column elementor-element elementor-element-b9f64b5\" data-id=\"b9f64b5\" data-element_type=\"column\" data-e-type=\"column\">\n\t\t\t<div class=\"elementor-widget-wrap elementor-element-populated\">\n\t\t\t\t\t\t<div class=\"elementor-element elementor-element-fcee7ea elementor-widget elementor-widget-heading\" data-id=\"fcee7ea\" data-element_type=\"widget\" data-e-type=\"widget\" data-widget_type=\"heading.default\">\n\t\t\t\t<div class=\"elementor-widget-container\">\n\t\t\t\t\t<h1 class=\"elementor-heading-title elementor-size-default\">Traumheilung (SCHWEIZ)<\/h1>\t\t\t\t<\/div>\n\t\t\t\t<\/div>\n\t\t\t\t<div class=\"elementor-element elementor-element-6de84b7 elementor-widget elementor-widget-text-editor\" data-id=\"6de84b7\" data-element_type=\"widget\" data-e-type=\"widget\" data-widget_type=\"text-editor.default\">\n\t\t\t\t<div class=\"elementor-widget-container\">\n\t\t\t\t\t\t\t\t\t<p>Sandra bietet transformative Gruppenworkshops zur Heilung von Traumata in Z\u00fcrich, Schweiz, sowie international an. Die Workshops basieren auf einem somatischen Ansatz der Traumheilung, der sich als besonders wirksam in der Traumatherapie erwiesen hat. Sandra begleitet Menschen durch einen Prozess, der Elemente der Achtsamkeitspraxis, gef\u00fchrter Meditation und somatischer psychotherapeutischer Interventionen zur Trauma- und Genesungsarbeit umfasst.  <\/p><p>Das vertrauliche therapeutische Gruppensetting schafft einen sicheren Rahmen, in dem Sie die Zusammenh\u00e4nge zwischen Ihren Gef\u00fchlen und Gedanken erkunden k\u00f6nnen. Indem Sie behutsam eine gegenw\u00e4rtige Wahrnehmung daf\u00fcr entwickeln, erm\u00f6glichen Sie Ihren Selbstheilungskr\u00e4ften, sich zu entfalten. In diesem Prozess k\u00f6nnen Sie dissoziierte Anteile Ihrer selbst integrieren und sich wieder verk\u00f6rpert und als Ihr wahres Selbst f\u00fchlen. Dies f\u00fchrt zu einer L\u00f6sung von Anspannung und Schmerz und f\u00f6rdert Ruhe und emotionale Balance, ein Gef\u00fchl von Selbsterm\u00e4chtigung sowie gesteigerte Vitalit\u00e4t.   <\/p><p>Die Gruppen finden in einem sicheren Rahmen mit kleiner Teilnehmerzahl statt, um sicherzustellen, dass jede teilnehmende Person die verdiente Aufmerksamkeit und den Raum erh\u00e4lt, um ihren individuellen Heilungsweg zu verarbeiten.<\/p><p>Sprache: Englisch und Deutsch.<\/p>\t\t\t\t\t\t\t\t<\/div>\n\t\t\t\t<\/div>\n\t\t\t\t\t<\/div>\n\t\t<\/div>\n\t\t\t\t\t<\/div>\n\t\t<\/section>\n\t\t\t\t<section class=\"elementor-section elementor-top-section elementor-element elementor-element-12b2ffe elementor-section-full_width elementor-section-height-full elementor-section-height-default elementor-section-items-middle\" data-id=\"12b2ffe\" data-element_type=\"section\" data-e-type=\"section\" data-settings=\"{&quot;background_background&quot;:&quot;classic&quot;,&quot;background_motion_fx_motion_fx_scrolling&quot;:&quot;yes&quot;,&quot;background_motion_fx_translateY_effect&quot;:&quot;yes&quot;,&quot;background_motion_fx_translateY_speed&quot;:{&quot;unit&quot;:&quot;px&quot;,&quot;size&quot;:4.9,&quot;sizes&quot;:[]},&quot;background_motion_fx_translateY_affectedRange&quot;:{&quot;unit&quot;:&quot;%&quot;,&quot;size&quot;:&quot;&quot;,&quot;sizes&quot;:{&quot;start&quot;:0,&quot;end&quot;:100}},&quot;background_motion_fx_devices&quot;:[&quot;desktop&quot;,&quot;tablet&quot;,&quot;mobile&quot;]}\">\n\t\t\t\t\t\t<div class=\"elementor-container elementor-column-gap-no\">\n\t\t\t\t\t<div class=\"elementor-column elementor-col-100 elementor-top-column elementor-element elementor-element-3942fdf\" data-id=\"3942fdf\" data-element_type=\"column\" data-e-type=\"column\">\n\t\t\t<div class=\"elementor-widget-wrap elementor-element-populated\">\n\t\t\t\t\t\t<div class=\"elementor-element elementor-element-d6daf13 elementor-hidden-tablet elementor-hidden-phone elementor-widget elementor-widget-text-editor\" data-id=\"d6daf13\" data-element_type=\"widget\" data-e-type=\"widget\" data-settings=\"{&quot;motion_fx_motion_fx_scrolling&quot;:&quot;yes&quot;,&quot;motion_fx_translateY_effect&quot;:&quot;yes&quot;,&quot;motion_fx_devices&quot;:[&quot;desktop&quot;],&quot;motion_fx_translateY_speed&quot;:{&quot;unit&quot;:&quot;px&quot;,&quot;size&quot;:2.4,&quot;sizes&quot;:[]},&quot;motion_fx_translateY_affectedRange&quot;:{&quot;unit&quot;:&quot;%&quot;,&quot;size&quot;:&quot;&quot;,&quot;sizes&quot;:{&quot;start&quot;:0,&quot;end&quot;:100}}}\" data-widget_type=\"text-editor.default\">\n\t\t\t\t<div class=\"elementor-widget-container\">\n\t\t\t\t\t\t\t\t\t<p>Die Essenz des Kriegerseins,<\/p><p>oder die Essenz menschlicher Tapferkeit, ist<\/p><p>sich zu weigern, bei irgendjemandem oder irgendetwas aufzugeben.<\/p><p>~ Ch\u00f6gyam Trungpa<\/p>\t\t\t\t\t\t\t\t<\/div>\n\t\t\t\t<\/div>\n\t\t\t\t\t<\/div>\n\t\t<\/div>\n\t\t\t\t\t<\/div>\n\t\t<\/section>\n\t\t\t\t<section class=\"elementor-section elementor-top-section elementor-element elementor-element-3bb9813 elementor-section-boxed elementor-section-height-default elementor-section-height-default\" data-id=\"3bb9813\" data-element_type=\"section\" data-e-type=\"section\">\n\t\t\t\t\t\t<div class=\"elementor-container elementor-column-gap-default\">\n\t\t\t\t\t<div class=\"elementor-column elementor-col-100 elementor-top-column elementor-element elementor-element-6aa6fab\" data-id=\"6aa6fab\" data-element_type=\"column\" data-e-type=\"column\">\n\t\t\t<div class=\"elementor-widget-wrap elementor-element-populated\">\n\t\t\t\t\t\t<div class=\"elementor-element elementor-element-fea8491 elementor-widget elementor-widget-spacer\" data-id=\"fea8491\" data-element_type=\"widget\" data-e-type=\"widget\" data-widget_type=\"spacer.default\">\n\t\t\t\t<div class=\"elementor-widget-container\">\n\t\t\t\t\t\t\t<div class=\"elementor-spacer\">\n\t\t\t<div class=\"elementor-spacer-inner\"><\/div>\n\t\t<\/div>\n\t\t\t\t\t\t<\/div>\n\t\t\t\t<\/div>\n\t\t\t\t\t<\/div>\n\t\t<\/div>\n\t\t\t\t\t<\/div>\n\t\t<\/section>\n\t\t\t\t<section class=\"elementor-section elementor-top-section elementor-element elementor-element-0627f59 elementor-section-boxed elementor-section-height-default elementor-section-height-default\" data-id=\"0627f59\" data-element_type=\"section\" data-e-type=\"section\">\n\t\t\t\t\t\t<div class=\"elementor-container elementor-column-gap-default\">\n\t\t\t\t\t<div class=\"elementor-column elementor-col-100 elementor-top-column elementor-element elementor-element-62f6c31\" data-id=\"62f6c31\" data-element_type=\"column\" data-e-type=\"column\">\n\t\t\t<div class=\"elementor-widget-wrap elementor-element-populated\">\n\t\t\t\t\t\t<div class=\"elementor-element elementor-element-940af1e elementor-widget elementor-widget-text-editor\" data-id=\"940af1e\" data-element_type=\"widget\" data-e-type=\"widget\" data-widget_type=\"text-editor.default\">\n\t\t\t\t<div class=\"elementor-widget-container\">\n\t\t\t\t\t\t\t\t\t<p data-start=\"141\" data-end=\"444\"><strong>Transformative Heilung von Trauma \u2013 8-Wochen-Kurs \u2013 Z\u00fcrich (2025)<\/strong><\/p><p class=\"\" data-start=\"141\" data-end=\"444\">Im Jahr 2025 wird Sandra erneut ihren 8-w\u00f6chigen Kurs <em data-start=\"183\" data-end=\"221\">Transformational Healing from Trauma<\/em> anbieten. Dieser Kurs l\u00e4dt Sie ein, sich durch eine Kombination aus k\u00f6rperorientierten Achtsamkeitspraktiken, gef\u00fchrten Meditationen, kreativer Therapie und psychologisch fundierten Unterst\u00fctzungstechniken wieder mit Ihrem tieferen Selbst zu verbinden. <\/p><p class=\"\" data-start=\"446\" data-end=\"678\">Durch diese innere Verbindung erhalten Sie Zugang zu einem weiteren inneren Raum \u2013 einem Raum, der es erm\u00f6glicht, dass verletzte oder fragmentierte Anteile Ihrer selbst gesehen, gehalten und behutsam angenommen werden. In diesem Raum wird echte Heilung m\u00f6glich. <\/p><p class=\"\" data-start=\"680\" data-end=\"978\">Der Kurs umfasst acht aufeinander aufbauende, klar strukturierte Sitzungen, von denen jede auf der vorherigen aufbaut. Zur Unterst\u00fctzung Ihrer Integration werden w\u00f6chentliche \u00dcbungen f\u00fcr zu Hause angeboten, damit Sie die Arbeit zwischen den Sitzungen fortsetzen k\u00f6nnen. Optionale nachfolgende Gruppensitzungen k\u00f6nnen f\u00fcr fortlaufende Unterst\u00fctzung und gemeinsame Praxis vereinbart werden.  <\/p><p>Bitte besuchen Sie die Veranstaltungsseite f\u00fcr geplante Workshops und Kurse.<\/p><p>Sprache: Englisch und Deutsch<\/p>\t\t\t\t\t\t\t\t<\/div>\n\t\t\t\t<\/div>\n\t\t\t\t\t<\/div>\n\t\t<\/div>\n\t\t\t\t\t<\/div>\n\t\t<\/section>\n\t\t\t\t<section class=\"elementor-section elementor-top-section elementor-element elementor-element-b9ed3e4 elementor-section-boxed elementor-section-height-default elementor-section-height-default\" data-id=\"b9ed3e4\" data-element_type=\"section\" data-e-type=\"section\">\n\t\t\t\t\t\t<div class=\"elementor-container elementor-column-gap-default\">\n\t\t\t\t\t<div class=\"elementor-column elementor-col-100 elementor-top-column elementor-element elementor-element-1eb642d\" data-id=\"1eb642d\" data-element_type=\"column\" data-e-type=\"column\">\n\t\t\t<div class=\"elementor-widget-wrap elementor-element-populated\">\n\t\t\t\t\t\t<div class=\"elementor-element elementor-element-70aa01f elementor-align-center elementor-widget elementor-widget-button\" data-id=\"70aa01f\" data-element_type=\"widget\" data-e-type=\"widget\" data-widget_type=\"button.default\">\n\t\t\t\t<div class=\"elementor-widget-container\">\n\t\t\t\t\t\t\t\t\t<div class=\"elementor-button-wrapper\">\n\t\t\t\t\t<a class=\"elementor-button elementor-button-link elementor-size-sm\" href=\"https:\/\/healingfromsource.com\/de\/events\/category\/veranstaltungen\/\" target=\"_blank\">\n\t\t\t\t\t\t<span class=\"elementor-button-content-wrapper\">\n\t\t\t\t\t\t\t\t\t<span class=\"elementor-button-text\">Veranstaltungskalender<\/span>\n\t\t\t\t\t<\/span>\n\t\t\t\t\t<\/a>\n\t\t\t\t<\/div>\n\t\t\t\t\t\t\t\t<\/div>\n\t\t\t\t<\/div>\n\t\t\t\t<div class=\"elementor-element elementor-element-cb6d46f elementor-testimonial--skin-default elementor-testimonial--layout-image_inline elementor-testimonial--align-center elementor-arrows-yes elementor-pagination-type-bullets elementor-widget elementor-widget-testimonial-carousel\" data-id=\"cb6d46f\" data-element_type=\"widget\" data-e-type=\"widget\" data-settings=\"{&quot;speed&quot;:1000,&quot;autoplay_speed&quot;:7000,&quot;show_arrows&quot;:&quot;yes&quot;,&quot;pagination&quot;:&quot;bullets&quot;,&quot;autoplay&quot;:&quot;yes&quot;,&quot;loop&quot;:&quot;yes&quot;,&quot;pause_on_hover&quot;:&quot;yes&quot;,&quot;pause_on_interaction&quot;:&quot;yes&quot;,&quot;space_between&quot;:{&quot;unit&quot;:&quot;px&quot;,&quot;size&quot;:10,&quot;sizes&quot;:[]},&quot;space_between_tablet&quot;:{&quot;unit&quot;:&quot;px&quot;,&quot;size&quot;:10,&quot;sizes&quot;:[]},&quot;space_between_mobile&quot;:{&quot;unit&quot;:&quot;px&quot;,&quot;size&quot;:10,&quot;sizes&quot;:[]}}\" data-widget_type=\"testimonial-carousel.default\">\n\t\t\t\t<div class=\"elementor-widget-container\">\n\t\t\t\t\t\t\t\t\t<div class=\"elementor-swiper\">\n\t\t\t\t\t<div class=\"elementor-main-swiper swiper\" role=\"region\" aria-roledescription=\"carousel\" aria-label=\"Slides\">\n\t\t\t\t<div class=\"swiper-wrapper\">\n\t\t\t\t\t\t\t\t\t\t\t<div class=\"swiper-slide\" role=\"group\" aria-roledescription=\"slide\">\n\t\t\t\t\t\t\t\t\t<div class=\"elementor-testimonial\">\n\t\t\t\t\t\t\t<div class=\"elementor-testimonial__content\">\n\t\t\t\t\t<div class=\"elementor-testimonial__text\">\n\t\t\t\t\t\t<p>In meiner dunkelsten Zeit von Verlust und Trauer hatte ich bei vielen Beraterinnen und Beratern sowie Therapeutinnen und Therapeuten Hilfe gesucht. Die einf\u00fchlsame Begleitung und Unterst\u00fctzung, die ich von Sandra erhalten habe, war au\u00dfergew\u00f6hnlich. Mit Dankbarkeit empfehle ich Sandra Hotz und ihre engagierte Arbeit von ganzem Herzen.  <\/p>\n\t\t\t\t\t<\/div>\n\t\t\t\t\t\t\t\t\t<\/div>\n\t\t\t\t\t\t<div class=\"elementor-testimonial__footer\">\n\t\t\t\t\t\t\t\t\t<div class=\"elementor-testimonial__image\">\n\t\t\t\t\t\t<img decoding=\"async\" src=\"https:\/\/healingfromsource.com\/wp-content\/uploads\/2021\/09\/lotus-flower-for-peace.jpg\" alt=\"Rabekah Scott-Heart\">\n\t\t\t\t\t\t\t\t\t\t\t<\/div>\n\t\t\t\t\t\t\t\t<cite class=\"elementor-testimonial__cite\"><span class=\"elementor-testimonial__name\">Rabekah Scott-Heart<\/span><\/cite>\t\t\t<\/div>\n\t\t<\/div>\n\t\t\t\t\t\t\t\t<\/div>\n\t\t\t\t\t\t\t\t\t\t\t<div class=\"swiper-slide\" role=\"group\" aria-roledescription=\"slide\">\n\t\t\t\t\t\t\t\t\t<div class=\"elementor-testimonial\">\n\t\t\t\t\t\t\t<div class=\"elementor-testimonial__content\">\n\t\t\t\t\t<div class=\"elementor-testimonial__text\">\n\t\t\t\t\t\t<p>Sandras Sitzungen zur K\u00f6rperwahrnehmung haben mich immer wieder zu mir selbst zur\u00fcckgebracht, mir geholfen, Themen loszulassen, und ich f\u00fchle mich in mir sehr ruhig und klar.<\/p>\n\t\t\t\t\t<\/div>\n\t\t\t\t\t\t\t\t\t<\/div>\n\t\t\t\t\t\t<div class=\"elementor-testimonial__footer\">\n\t\t\t\t\t\t\t\t\t<div class=\"elementor-testimonial__image\">\n\t\t\t\t\t\t<img decoding=\"async\" src=\"https:\/\/healingfromsource.com\/wp-content\/uploads\/2021\/09\/Contact-page-image.jpg\" alt=\"Inge\">\n\t\t\t\t\t\t\t\t\t\t\t<\/div>\n\t\t\t\t\t\t\t\t<cite class=\"elementor-testimonial__cite\"><span class=\"elementor-testimonial__name\">Inge<\/span><\/cite>\t\t\t<\/div>\n\t\t<\/div>\n\t\t\t\t\t\t\t\t<\/div>\n\t\t\t\t\t\t\t\t\t\t\t<div class=\"swiper-slide\" role=\"group\" aria-roledescription=\"slide\">\n\t\t\t\t\t\t\t\t\t<div class=\"elementor-testimonial\">\n\t\t\t\t\t\t\t<div class=\"elementor-testimonial__content\">\n\t\t\t\t\t<div class=\"elementor-testimonial__text\">\n\t\t\t\t\t\t<p>...und da ist eine Energie von Liebe und \u201eEchtheit\u201c, die ich bei Ihnen sp\u00fcre, zusammen mit einem sanften, freundlichen, authentischen und bodenst\u00e4ndigen, liebevollen Ansatz, an den ich mich wenden wollte... danke f\u00fcr den sicheren Raum, den Sie mir gegeben haben. <\/p>\n\t\t\t\t\t<\/div>\n\t\t\t\t\t\t\t\t\t<\/div>\n\t\t\t\t\t\t<div class=\"elementor-testimonial__footer\">\n\t\t\t\t\t\t\t\t<cite class=\"elementor-testimonial__cite\"><span class=\"elementor-testimonial__name\">Michelle A.<\/span><\/cite>\t\t\t<\/div>\n\t\t<\/div>\n\t\t\t\t\t\t\t\t<\/div>\n\t\t\t\t\t\t\t\t\t\t\t<div class=\"swiper-slide\" role=\"group\" aria-roledescription=\"slide\">\n\t\t\t\t\t\t\t\t\t<div class=\"elementor-testimonial\">\n\t\t\t\t\t\t\t<div class=\"elementor-testimonial__content\">\n\t\t\t\t\t<div class=\"elementor-testimonial__text\">\n\t\t\t\t\t\t<p>Ich habe viele Male an Sandras Kursen zur K\u00f6rperwahrnehmung teilgenommen, und jedes Mal war es eine wunderbare Gelegenheit, innezuhalten, in meinen K\u00f6rper hineinzusp\u00fcren und ein Bewusstsein daf\u00fcr zu entwickeln, wie ich meinen K\u00f6rper bewege. Sandra hat mir auf liebevolle Weise gezeigt, wie ich mich wieder mit meinem K\u00f6rper verbinden und ihn in Harmonie bewegen kann. Nach den Kursen f\u00fchlte ich mich ruhig und still.  <\/p>\n\t\t\t\t\t<\/div>\n\t\t\t\t\t\t\t\t\t<\/div>\n\t\t\t\t\t\t<div class=\"elementor-testimonial__footer\">\n\t\t\t\t\t\t\t\t<cite class=\"elementor-testimonial__cite\"><span class=\"elementor-testimonial__name\">Susanne<\/span><\/cite>\t\t\t<\/div>\n\t\t<\/div>\n\t\t\t\t\t\t\t\t<\/div>\n\t\t\t\t\t\t\t\t\t\t\t<div class=\"swiper-slide\" role=\"group\" aria-roledescription=\"slide\">\n\t\t\t\t\t\t\t\t\t<div class=\"elementor-testimonial\">\n\t\t\t\t\t\t\t<div class=\"elementor-testimonial__content\">\n\t\t\t\t\t<div class=\"elementor-testimonial__text\">\n\t\t\t\t\t\t<p>Ich LIEBE diese Workshops zur Traumheilung. Sie sind so gro\u00dfartig, dass ich sie jede Woche machen w\u00fcrde, wenn ich die M\u00f6glichkeit h\u00e4tte. In den letzten Wochen f\u00e4llt es mir deutlich leichter, in meinen K\u00f6rper zu gleiten, Sicherheit zu finden &amp; mich zu erden. Sie waren so hilfreich f\u00fcr mich und daf\u00fcr, wo ich gerade stehe \ud83d\ude4f Danke, Sandra!    <\/p>\n\t\t\t\t\t<\/div>\n\t\t\t\t\t\t\t\t\t<\/div>\n\t\t\t\t\t\t<div class=\"elementor-testimonial__footer\">\n\t\t\t\t\t\t\t\t<cite class=\"elementor-testimonial__cite\"><span class=\"elementor-testimonial__name\">Bree<\/span><\/cite>\t\t\t<\/div>\n\t\t<\/div>\n\t\t\t\t\t\t\t\t<\/div>\n\t\t\t\t\t\t\t\t\t<\/div>\n\t\t\t\t\t\t\t\t\t\t\t\t\t\t\t<div class=\"elementor-swiper-button elementor-swiper-button-prev\" role=\"button\" tabindex=\"0\" aria-label=\"Voriger\">\n\t\t\t\t\t\t\t<i aria-hidden=\"true\" class=\"eicon-chevron-left\"><\/i>\t\t\t\t\t\t<\/div>\n\t\t\t\t\t\t<div class=\"elementor-swiper-button elementor-swiper-button-next\" role=\"button\" tabindex=\"0\" aria-label=\"N\u00e4chster\">\n\t\t\t\t\t\t\t<i aria-hidden=\"true\" class=\"eicon-chevron-right\"><\/i>\t\t\t\t\t\t<\/div>\n\t\t\t\t\t\t\t\t\t\t\t\t\t\t\t\t<div class=\"swiper-pagination\"><\/div>\n\t\t\t\t\t\t\t\t\t\t\t\t<\/div>\n\t\t\t\t<\/div>\n\t\t\t\t\t\t\t\t<\/div>\n\t\t\t\t<\/div>\n\t\t\t\t<div class=\"elementor-element elementor-element-e538eaa elementor-widget elementor-widget-spacer\" data-id=\"e538eaa\" data-element_type=\"widget\" data-e-type=\"widget\" data-widget_type=\"spacer.default\">\n\t\t\t\t<div class=\"elementor-widget-container\">\n\t\t\t\t\t\t\t<div class=\"elementor-spacer\">\n\t\t\t<div class=\"elementor-spacer-inner\"><\/div>\n\t\t<\/div>\n\t\t\t\t\t\t<\/div>\n\t\t\t\t<\/div>\n\t\t\t\t\t<\/div>\n\t\t<\/div>\n\t\t\t\t\t<\/div>\n\t\t<\/section>\n\t\t\t\t<\/div>\n\t\t","protected":false},"excerpt":{"rendered":"<p>Traumheilung (SCHWEIZ) Sandra bietet transformative Gruppenworkshops zur Heilung von Traumata in Z\u00fcrich, Schweiz, sowie international an. Die Workshops basieren auf einem somatischen Ansatz der Traumheilung, der sich als besonders wirksam [&hellip;]<\/p>\n","protected":false},"author":1,"featured_media":4213,"parent":0,"menu_order":0,"comment_status":"closed","ping_status":"closed","template":"","meta":{"_price":"","_stock":"","_tribe_ticket_header":"","_tribe_default_ticket_provider":"","_tribe_ticket_capacity":"0","_ticket_start_date":"","_ticket_end_date":"","_tribe_ticket_show_description":"","_tribe_ticket_show_not_going":false,"_tribe_ticket_use_global_stock":"","_tribe_ticket_global_stock_level":"","_global_stock_mode":"","_global_stock_cap":"","_tribe_rsvp_for_event":"","_tribe_ticket_going_count":"","_tribe_ticket_not_going_count":"","_tribe_tickets_list":"[]","_tribe_ticket_has_attendee_info_fields":false,"footnotes":"","_tec_slr_enabled":"","_tec_slr_layout":""},"class_list":["post-4431","page","type-page","status-publish","has-post-thumbnail","hentry"],"ticketed":false,"_links":{"self":[{"href":"https:\/\/healingfromsource.com\/de\/wp-json\/wp\/v2\/pages\/4431","targetHints":{"allow":["GET"]}}],"collection":[{"href":"https:\/\/healingfromsource.com\/de\/wp-json\/wp\/v2\/pages"}],"about":[{"href":"https:\/\/healingfromsource.com\/de\/wp-json\/wp\/v2\/types\/page"}],"author":[{"embeddable":true,"href":"https:\/\/healingfromsource.com\/de\/wp-json\/wp\/v2\/users\/1"}],"replies":[{"embeddable":true,"href":"https:\/\/healingfromsource.com\/de\/wp-json\/wp\/v2\/comments?post=4431"}],"version-history":[{"count":2,"href":"https:\/\/healingfromsource.com\/de\/wp-json\/wp\/v2\/pages\/4431\/revisions"}],"predecessor-version":[{"id":4743,"href":"https:\/\/healingfromsource.com\/de\/wp-json\/wp\/v2\/pages\/4431\/revisions\/4743"}],"wp:featuredmedia":[{"embeddable":true,"href":"https:\/\/healingfromsource.com\/de\/wp-json\/wp\/v2\/media\/4213"}],"wp:attachment":[{"href":"https:\/\/healingfromsource.com\/de\/wp-json\/wp\/v2\/media?parent=4431"}],"curies":[{"name":"wp","href":"https:\/\/api.w.org\/{rel}","templated":true}]}}