{"id":4318,"date":"2021-09-22T14:30:52","date_gmt":"2021-09-22T12:30:52","guid":{"rendered":"https:\/\/healingfromsource.com\/somatische-psychotherapie-und-beratung\/"},"modified":"2026-04-14T09:50:40","modified_gmt":"2026-04-14T07:50:40","slug":"somatische-psychotherapie-und-beratung","status":"publish","type":"page","link":"https:\/\/healingfromsource.com\/de\/somatische-psychotherapie-und-beratung\/","title":{"rendered":"Somatische Psychotherapie und Beratung"},"content":{"rendered":"\t\t<div data-elementor-type=\"wp-page\" data-elementor-id=\"4318\" class=\"elementor elementor-4318 elementor-1222\" data-elementor-post-type=\"page\">\n\t\t\t\t\t\t<section class=\"elementor-section elementor-top-section elementor-element elementor-element-52c09db elementor-section-boxed elementor-section-height-default elementor-section-height-default\" data-id=\"52c09db\" data-element_type=\"section\" data-e-type=\"section\">\n\t\t\t\t\t\t<div class=\"elementor-container elementor-column-gap-default\">\n\t\t\t\t\t<div class=\"elementor-column elementor-col-100 elementor-top-column elementor-element elementor-element-b8b92a3\" data-id=\"b8b92a3\" data-element_type=\"column\" data-e-type=\"column\">\n\t\t\t<div class=\"elementor-widget-wrap elementor-element-populated\">\n\t\t\t\t\t\t<div class=\"elementor-element elementor-element-5fbec4d elementor-widget elementor-widget-spacer\" data-id=\"5fbec4d\" data-element_type=\"widget\" data-e-type=\"widget\" data-widget_type=\"spacer.default\">\n\t\t\t\t<div class=\"elementor-widget-container\">\n\t\t\t\t\t\t\t<div class=\"elementor-spacer\">\n\t\t\t<div class=\"elementor-spacer-inner\"><\/div>\n\t\t<\/div>\n\t\t\t\t\t\t<\/div>\n\t\t\t\t<\/div>\n\t\t\t\t<div class=\"elementor-element elementor-element-f29d68f elementor-widget elementor-widget-heading\" data-id=\"f29d68f\" data-element_type=\"widget\" data-e-type=\"widget\" data-widget_type=\"heading.default\">\n\t\t\t\t<div class=\"elementor-widget-container\">\n\t\t\t\t\t<h1 class=\"elementor-heading-title elementor-size-default\">Somatische Psychotherapie (online)<\/h1>\t\t\t\t<\/div>\n\t\t\t\t<\/div>\n\t\t\t\t<div class=\"elementor-element elementor-element-8c57a09 elementor-widget elementor-widget-text-editor\" data-id=\"8c57a09\" data-element_type=\"widget\" data-e-type=\"widget\" data-widget_type=\"text-editor.default\">\n\t\t\t\t<div class=\"elementor-widget-container\">\n\t\t\t\t\t\t\t\t\t<p>Somatische Psychotherapie (oder k\u00f6rperzentrierte Psychotherapie) ist ein ganzheitliches Psychotherapiemodell, das K\u00f6rper und Geist in den psychotherapeutischen Heilungsprozess einbezieht. Dadurch unterst\u00fctzt sie bei emotionalen, psychischen und k\u00f6rperlichen Symptomen im Zusammenhang mit Angst, Depressionen und chronischen Schmerzen.   <\/p><p>Dieser ganzheitliche psychotherapeutische Ansatz kann Ihnen helfen, Bewusstsein und ein tieferes Verst\u00e4ndnis f\u00fcr Ihr emotionales und k\u00f6rperliches Erleben zu entwickeln. So k\u00f6nnen Sie pr\u00e4sent und in Kontakt mit Ihren emotionalen und k\u00f6rperlichen Reaktionen sein und innere St\u00e4rke, Klarheit und Balance in Ihrem Leben zur\u00fcckgewinnen.  <\/p><p>Durch den Einsatz von Somatischer Psychotherapie und ganzheitlicher Beratung in Ihren Sitzungen kann Sandra Sie dabei unterst\u00fctzen, sicher Zugang zu gespeicherten Erinnerungen und unbewussten Gef\u00fchlen zu finden. Auf diese Weise lernen Sie, mit ihnen pr\u00e4sent zu sein und zuzulassen, dass sich das Erleben und seine Wahrnehmung wandeln. Dieser Prozess sch\u00e4rft Ihr Bewusstsein, verbindet Sie mit dem, wer Sie wirklich sind, und f\u00f6rdert eine liebevolle Selbstannahme. Er unterst\u00fctzt Sie dabei, lang einge\u00fcbte k\u00f6rperliche und mentale Muster loszulassen, die Sie daran hindern, Ihr Potenzial zu entfalten und Ihr Leben in F\u00fclle zu leben.     <\/p>\t\t\t\t\t\t\t\t<\/div>\n\t\t\t\t<\/div>\n\t\t\t\t\t<\/div>\n\t\t<\/div>\n\t\t\t\t\t<\/div>\n\t\t<\/section>\n\t\t\t\t<section class=\"elementor-section elementor-top-section elementor-element elementor-element-ee61ad1 elementor-section-boxed elementor-section-height-default elementor-section-height-default\" data-id=\"ee61ad1\" data-element_type=\"section\" data-e-type=\"section\">\n\t\t\t\t\t\t<div class=\"elementor-container elementor-column-gap-default\">\n\t\t\t\t\t<div class=\"elementor-column elementor-col-33 elementor-top-column elementor-element elementor-element-24d5bc8\" data-id=\"24d5bc8\" data-element_type=\"column\" data-e-type=\"column\">\n\t\t\t<div class=\"elementor-widget-wrap elementor-element-populated\">\n\t\t\t\t\t\t<div class=\"elementor-element elementor-element-552ccea elementor-widget elementor-widget-image\" data-id=\"552ccea\" data-element_type=\"widget\" data-e-type=\"widget\" data-widget_type=\"image.default\">\n\t\t\t\t<div class=\"elementor-widget-container\">\n\t\t\t\t\t\t\t\t\t\t\t\t\t\t\t<img fetchpriority=\"high\" decoding=\"async\" width=\"1024\" height=\"1024\" src=\"https:\/\/healingfromsource.com\/wp-content\/uploads\/2022\/01\/dwp-20191022-7961-1.jpg\" class=\"elementor-animation-float attachment-full size-full wp-image-4322\" alt=\"\" srcset=\"https:\/\/healingfromsource.com\/wp-content\/uploads\/2022\/01\/dwp-20191022-7961-1.jpg 1024w, https:\/\/healingfromsource.com\/wp-content\/uploads\/2022\/01\/dwp-20191022-7961-1-300x300.jpg 300w, https:\/\/healingfromsource.com\/wp-content\/uploads\/2022\/01\/dwp-20191022-7961-1-150x150.jpg 150w, https:\/\/healingfromsource.com\/wp-content\/uploads\/2022\/01\/dwp-20191022-7961-1-768x768.jpg 768w, https:\/\/healingfromsource.com\/wp-content\/uploads\/2022\/01\/elementor\/thumbs\/dwp-20191022-7961-1-q29uk79hp3znqiy2ic2qrwxsoged0y0dua1v3y46mg.jpg 500w\" sizes=\"(max-width: 1024px) 100vw, 1024px\" \/>\t\t\t\t\t\t\t\t\t\t\t\t\t\t\t<\/div>\n\t\t\t\t<\/div>\n\t\t\t\t\t<\/div>\n\t\t<\/div>\n\t\t\t\t<div class=\"elementor-column elementor-col-66 elementor-top-column elementor-element elementor-element-4b8af90\" data-id=\"4b8af90\" data-element_type=\"column\" data-e-type=\"column\">\n\t\t\t<div class=\"elementor-widget-wrap elementor-element-populated\">\n\t\t\t\t\t\t<div class=\"elementor-element elementor-element-a34b3ff elementor-widget elementor-widget-text-editor\" data-id=\"a34b3ff\" data-element_type=\"widget\" data-e-type=\"widget\" data-widget_type=\"text-editor.default\">\n\t\t\t\t<div class=\"elementor-widget-container\">\n\t\t\t\t\t\t\t\t\t<h4>Sandra bietet folgende Bereiche der ganzheitlichen Beratung in Z\u00fcrich &amp; online an:<\/h4>\t\t\t\t\t\t\t\t<\/div>\n\t\t\t\t<\/div>\n\t\t\t\t<div class=\"elementor-element elementor-element-48572c4 elementor-widget elementor-widget-text-editor\" data-id=\"48572c4\" data-element_type=\"widget\" data-e-type=\"widget\" data-widget_type=\"text-editor.default\">\n\t\t\t\t<div class=\"elementor-widget-container\">\n\t\t\t\t\t\t\t\t\t<p> <\/p><p>Beratung f\u00fcr Jugendliche<\/p><p>Angstberatung<\/p><p>Beratung zum Umgang mit chronischen Schmerzen<\/p><p>Krisenberatung<\/p><p><span style=\"color: var( --e-global-color-text ); font-family: var( --e-global-typography-text-font-family ), Sans-serif; font-size: var( --e-global-typography-text-font-size );\">Trauerberatung<\/span><\/p><p>Paar- und Beziehungsberatung<\/p><p>Beratung bei spirituellen Krisen<\/p><p>Traumaberatung (PTBS)<\/p>\t\t\t\t\t\t\t\t<\/div>\n\t\t\t\t<\/div>\n\t\t\t\t\t<\/div>\n\t\t<\/div>\n\t\t\t\t\t<\/div>\n\t\t<\/section>\n\t\t\t\t<section class=\"elementor-section elementor-top-section elementor-element elementor-element-fc7df18 elementor-section-boxed elementor-section-height-default elementor-section-height-default\" data-id=\"fc7df18\" data-element_type=\"section\" data-e-type=\"section\">\n\t\t\t\t\t\t<div class=\"elementor-container elementor-column-gap-default\">\n\t\t\t\t\t<div class=\"elementor-column elementor-col-100 elementor-top-column elementor-element elementor-element-18e7ba1\" data-id=\"18e7ba1\" data-element_type=\"column\" data-e-type=\"column\">\n\t\t\t<div class=\"elementor-widget-wrap elementor-element-populated\">\n\t\t\t\t\t\t<div class=\"elementor-element elementor-element-61af964 elementor-widget elementor-widget-text-editor\" data-id=\"61af964\" data-element_type=\"widget\" data-e-type=\"widget\" data-widget_type=\"text-editor.default\">\n\t\t\t\t<div class=\"elementor-widget-container\">\n\t\t\t\t\t\t\t\t\t<p><i><span style=\"font-weight: 400;\">\u201eBeginnen Sie dort, wo Sie sind.\u201c<\/span><\/i><span style=\"font-weight: 400;\">  Pema Ch\u00f6dr\u00f6n<\/span><\/p>\t\t\t\t\t\t\t\t<\/div>\n\t\t\t\t<\/div>\n\t\t\t\t\t<\/div>\n\t\t<\/div>\n\t\t\t\t\t<\/div>\n\t\t<\/section>\n\t\t\t\t<section class=\"elementor-section elementor-top-section elementor-element elementor-element-6c4ebe7 elementor-section-boxed elementor-section-height-default elementor-section-height-default\" data-id=\"6c4ebe7\" data-element_type=\"section\" data-e-type=\"section\">\n\t\t\t\t\t\t<div class=\"elementor-container elementor-column-gap-default\">\n\t\t\t\t\t<div class=\"elementor-column elementor-col-100 elementor-top-column elementor-element elementor-element-ca59531\" data-id=\"ca59531\" data-element_type=\"column\" data-e-type=\"column\">\n\t\t\t<div class=\"elementor-widget-wrap elementor-element-populated\">\n\t\t\t\t\t\t<div class=\"elementor-element elementor-element-5552fa7 elementor-widget elementor-widget-text-editor\" data-id=\"5552fa7\" data-element_type=\"widget\" data-e-type=\"widget\" data-widget_type=\"text-editor.default\">\n\t\t\t\t<div class=\"elementor-widget-container\">\n\t\t\t\t\t\t\t\t\t<p data-start=\"882\" data-end=\"983\"><span class=\"BZ_Pyq_fadeIn\">Anfangen  <\/span><span class=\"BZ_Pyq_fadeIn\">mit  <\/span><span class=\"BZ_Pyq_fadeIn\">etwas  <\/span><span class=\"BZ_Pyq_fadeIn\">Neuem  <\/span><span class=\"BZ_Pyq_fadeIn\">kann  <\/span><span class=\"BZ_Pyq_fadeIn\">sich  <\/span><span class=\"BZ_Pyq_fadeIn\">wie  <\/span><span class=\"BZ_Pyq_fadeIn\">ein  <\/span><span class=\"BZ_Pyq_fadeIn\">gro\u00dfer  <\/span><span class=\"BZ_Pyq_fadeIn\">Schritt  <\/span><span class=\"BZ_Pyq_fadeIn\">anf\u00fchlen,  <\/span><span class=\"BZ_Pyq_fadeIn\">besonders  <\/span><span class=\"BZ_Pyq_fadeIn\">in  <\/span><span class=\"BZ_Pyq_fadeIn\">Zeiten  <\/span><span class=\"BZ_Pyq_fadeIn\">von  <\/span><span class=\"BZ_Pyq_fadeIn\">Stress <\/span><\/p><p data-start=\"990\" data-end=\"1132\"><span class=\"BZ_Pyq_fadeIn\">oder  <\/span><span class=\"BZ_Pyq_fadeIn\">Unsicherheit. <\/span><span class=\"BZ_Pyq_fadeIn\">Ein  <\/span><span class=\"BZ_Pyq_fadeIn\">erstes  <\/span><span class=\"BZ_Pyq_fadeIn\">Gespr\u00e4ch  <\/span><span class=\"BZ_Pyq_fadeIn\">bietet  <\/span><span class=\"BZ_Pyq_fadeIn\">eine  <\/span><span class=\"BZ_Pyq_fadeIn\">sanfte  <\/span><span class=\"BZ_Pyq_fadeIn\">M\u00f6glichkeit,  <\/span><span class=\"BZ_Pyq_fadeIn\">innezuhalten,  <\/span><span class=\"BZ_Pyq_fadeIn\">geh\u00f6rt  <\/span><span class=\"BZ_Pyq_fadeIn\">zu  <\/span><span class=\"BZ_Pyq_fadeIn\">werden  <\/span><span class=\"BZ_Pyq_fadeIn\">und  <\/span><span class=\"BZ_Pyq_fadeIn\">zu  <\/span><span class=\"BZ_Pyq_fadeIn\">erkunden,  <\/span><span class=\"BZ_Pyq_fadeIn\">welche  <\/span><span class=\"BZ_Pyq_fadeIn\">Art  <\/span><span class=\"BZ_Pyq_fadeIn\">von  <\/span><span class=\"BZ_Pyq_fadeIn\">Unterst\u00fctzung  <\/span><span class=\"BZ_Pyq_fadeIn\">f\u00fcr  <\/span><span class=\"BZ_Pyq_fadeIn\">Sie  <\/span><span class=\"BZ_Pyq_fadeIn\">in  <\/span><span class=\"BZ_Pyq_fadeIn\">diesem  <\/span><span class=\"BZ_Pyq_fadeIn\">Moment <\/span><\/p><p data-start=\"1139\" data-end=\"1201\"><span class=\"BZ_Pyq_fadeIn\">Wenn <\/span><span class=\"BZ_Pyq_fadeIn\">Sie <\/span><span class=\"BZ_Pyq_fadeIn\">sich <\/span><span class=\"BZ_Pyq_fadeIn\">zu <\/span><span class=\"BZ_Pyq_fadeIn\">dieser <\/span><span class=\"BZ_Pyq_fadeIn\">Arbeit <\/span><span class=\"BZ_Pyq_fadeIn\">hingezogen <\/span><span class=\"BZ_Pyq_fadeIn\">f\u00fchlen, <\/span><span class=\"BZ_Pyq_fadeIn\">lade <\/span><span class=\"BZ_Pyq_fadeIn\">ich <\/span><span class=\"BZ_Pyq_fadeIn\">Sie <\/span><span class=\"BZ_Pyq_fadeIn\">ein, <\/span><span class=\"BZ_Pyq_fadeIn\">Kontakt <\/span><span class=\"BZ_Pyq_fadeIn\">aufzunehmen.<\/span><\/p><p>Beratung ist auf Englisch und (Schweizer-)Deutsch verf\u00fcgbar.<\/p>\t\t\t\t\t\t\t\t<\/div>\n\t\t\t\t<\/div>\n\t\t\t\t<div class=\"elementor-element elementor-element-8b2339a elementor-cta--skin-cover elementor-bg-transform elementor-bg-transform-zoom-in elementor-widget elementor-widget-call-to-action\" data-id=\"8b2339a\" data-element_type=\"widget\" data-e-type=\"widget\" data-widget_type=\"call-to-action.default\">\n\t\t\t\t<div class=\"elementor-widget-container\">\n\t\t\t\t\t\t\t<div class=\"elementor-cta\">\n\t\t\t\t\t<div class=\"elementor-cta__bg-wrapper\">\n\t\t\t\t<div class=\"elementor-cta__bg elementor-bg\" style=\"background-image: url(https:\/\/healingfromsource.com\/wp-content\/uploads\/2021\/09\/lotus-flower-scaled.jpeg);\" role=\"img\" aria-label=\"Lotusbl\u00fcte und Lotusbl\u00fctenpflanzen\"><\/div>\n\t\t\t\t<div class=\"elementor-cta__bg-overlay\"><\/div>\n\t\t\t<\/div>\n\t\t\t\t\t\t\t<div class=\"elementor-cta__content\">\n\t\t\t\t\n\t\t\t\t\t\t\t\t\t<h2 class=\"elementor-cta__title elementor-cta__content-item elementor-content-item\">\n\t\t\t\t\t\tKostenloses 15-min\u00fctiges Telefongespr\u00e4ch\t\t\t\t\t<\/h2>\n\t\t\t\t\n\t\t\t\t\t\t\t\t\t<div class=\"elementor-cta__description elementor-cta__content-item elementor-content-item\">\n\t\t\t\t\t\tKlicken Sie unten, um Kontakt aufzunehmen\t\t\t\t\t<\/div>\n\t\t\t\t\n\t\t\t\t\t\t\t\t\t<div class=\"elementor-cta__button-wrapper elementor-cta__content-item elementor-content-item \">\n\t\t\t\t\t<a class=\"elementor-cta__button elementor-button elementor-size-md\" href=\"https:\/\/healingfromsource.com\/de\/buchungen\/\" target=\"_blank\">\n\t\t\t\t\t\tJetzt buchen\t\t\t\t\t<\/a>\n\t\t\t\t\t<\/div>\n\t\t\t\t\t\t\t<\/div>\n\t\t\t\t\t\t<\/div>\n\t\t\t\t\t\t<\/div>\n\t\t\t\t<\/div>\n\t\t\t\t<div class=\"elementor-element elementor-element-945b581 elementor-widget elementor-widget-spacer\" data-id=\"945b581\" data-element_type=\"widget\" data-e-type=\"widget\" data-widget_type=\"spacer.default\">\n\t\t\t\t<div class=\"elementor-widget-container\">\n\t\t\t\t\t\t\t<div class=\"elementor-spacer\">\n\t\t\t<div class=\"elementor-spacer-inner\"><\/div>\n\t\t<\/div>\n\t\t\t\t\t\t<\/div>\n\t\t\t\t<\/div>\n\t\t\t\t\t<\/div>\n\t\t<\/div>\n\t\t\t\t\t<\/div>\n\t\t<\/section>\n\t\t\t\t<section class=\"elementor-section elementor-top-section elementor-element elementor-element-51c4679 elementor-section-boxed elementor-section-height-default elementor-section-height-default\" data-id=\"51c4679\" data-element_type=\"section\" data-e-type=\"section\">\n\t\t\t\t\t\t<div class=\"elementor-container elementor-column-gap-default\">\n\t\t\t\t\t<div class=\"elementor-column elementor-col-100 elementor-top-column elementor-element elementor-element-401b357\" data-id=\"401b357\" data-element_type=\"column\" data-e-type=\"column\">\n\t\t\t<div class=\"elementor-widget-wrap elementor-element-populated\">\n\t\t\t\t\t\t<div class=\"elementor-element elementor-element-13fbdc0 elementor-testimonial--skin-default elementor-testimonial--layout-image_inline elementor-testimonial--align-center elementor-arrows-yes elementor-pagination-type-bullets elementor-widget elementor-widget-global elementor-global-4623 elementor-global-1376 elementor-widget-testimonial-carousel\" data-id=\"13fbdc0\" data-element_type=\"widget\" data-e-type=\"widget\" data-settings=\"{&quot;speed&quot;:1000,&quot;autoplay_speed&quot;:7000,&quot;show_arrows&quot;:&quot;yes&quot;,&quot;pagination&quot;:&quot;bullets&quot;,&quot;autoplay&quot;:&quot;yes&quot;,&quot;loop&quot;:&quot;yes&quot;,&quot;pause_on_hover&quot;:&quot;yes&quot;,&quot;pause_on_interaction&quot;:&quot;yes&quot;,&quot;space_between&quot;:{&quot;unit&quot;:&quot;px&quot;,&quot;size&quot;:10,&quot;sizes&quot;:[]},&quot;space_between_tablet&quot;:{&quot;unit&quot;:&quot;px&quot;,&quot;size&quot;:10,&quot;sizes&quot;:[]},&quot;space_between_mobile&quot;:{&quot;unit&quot;:&quot;px&quot;,&quot;size&quot;:10,&quot;sizes&quot;:[]}}\" data-widget_type=\"testimonial-carousel.default\">\n\t\t\t\t<div class=\"elementor-widget-container\">\n\t\t\t\t\t\t\t\t\t<div class=\"elementor-swiper\">\n\t\t\t\t\t<div class=\"elementor-main-swiper swiper\" role=\"region\" aria-roledescription=\"carousel\" aria-label=\"Slider\">\n\t\t\t\t<div class=\"swiper-wrapper\">\n\t\t\t\t\t\t\t\t\t\t\t<div class=\"swiper-slide\" role=\"group\" aria-roledescription=\"slide\">\n\t\t\t\t\t\t\t\t\t<div class=\"elementor-testimonial\">\n\t\t\t\t\t\t\t<div class=\"elementor-testimonial__content\">\n\t\t\t\t\t<div class=\"elementor-testimonial__text\">\n\t\t\t\t\t\t<p>Es ist eine wundersch\u00f6ne Erfahrung und immer wieder erstaunlich, wie die einfachen Atemmeditationspraktiken, die ich in Sandras Kursen gelernt habe, mir vor Besprechungen helfen, meine innere Stille zu finden und mit Gelassenheit und Leichtigkeit in einen gesch\u00e4ftigen Tag zu starten.<\/p>\n\t\t\t\t\t<\/div>\n\t\t\t\t\t\t\t\t\t<\/div>\n\t\t\t\t\t\t<div class=\"elementor-testimonial__footer\">\n\t\t\t\t\t\t\t\t\t<div class=\"elementor-testimonial__image\">\n\t\t\t\t\t\t<img decoding=\"async\" src=\"https:\/\/healingfromsource.com\/wp-content\/uploads\/2021\/09\/services-biodynamic-craniosacral-therapy-sunshine-coast-scaled.jpg\" alt=\"Martina Schulte\">\n\t\t\t\t\t\t\t\t\t\t\t<\/div>\n\t\t\t\t\t\t\t\t<cite class=\"elementor-testimonial__cite\"><span class=\"elementor-testimonial__name\">Martina Schulte<\/span><span class=\"elementor-testimonial__title\">Beraterin<\/span><\/cite>\t\t\t<\/div>\n\t\t<\/div>\n\t\t\t\t\t\t\t\t<\/div>\n\t\t\t\t\t\t\t\t\t\t\t<div class=\"swiper-slide\" role=\"group\" aria-roledescription=\"slide\">\n\t\t\t\t\t\t\t\t\t<div class=\"elementor-testimonial\">\n\t\t\t\t\t\t\t<div class=\"elementor-testimonial__content\">\n\t\t\t\t\t<div class=\"elementor-testimonial__text\">\n\t\t\t\t\t\t<p>In meiner dunkelsten Zeit von Verlust und Trauer hatte ich bei vielen Beraterinnen und Beratern sowie Therapeutinnen und Therapeuten Hilfe gesucht. Die einf\u00fchlsame Begleitung und Unterst\u00fctzung, die ich von Sandra erhalten habe, war au\u00dfergew\u00f6hnlich. Mit Dankbarkeit empfehle ich Sandra Hotz und ihre engagierte Arbeit von ganzem Herzen.  <\/p>\n\t\t\t\t\t<\/div>\n\t\t\t\t\t\t\t\t\t<\/div>\n\t\t\t\t\t\t<div class=\"elementor-testimonial__footer\">\n\t\t\t\t\t\t\t\t\t<div class=\"elementor-testimonial__image\">\n\t\t\t\t\t\t<img decoding=\"async\" src=\"https:\/\/healingfromsource.com\/wp-content\/uploads\/2021\/09\/lotus-flower-for-peace.jpg\" alt=\"Rabekah Scott-Heart\">\n\t\t\t\t\t\t\t\t\t\t\t<\/div>\n\t\t\t\t\t\t\t\t<cite class=\"elementor-testimonial__cite\"><span class=\"elementor-testimonial__name\">Rabekah Scott-Heart<\/span><\/cite>\t\t\t<\/div>\n\t\t<\/div>\n\t\t\t\t\t\t\t\t<\/div>\n\t\t\t\t\t\t\t\t\t\t\t<div class=\"swiper-slide\" role=\"group\" aria-roledescription=\"slide\">\n\t\t\t\t\t\t\t\t\t<div class=\"elementor-testimonial\">\n\t\t\t\t\t\t\t<div class=\"elementor-testimonial__content\">\n\t\t\t\t\t<div class=\"elementor-testimonial__text\">\n\t\t\t\t\t\t<p>Sandras Sitzungen zur K\u00f6rperwahrnehmung haben mich immer wieder zu mir selbst zur\u00fcckgebracht, mir geholfen, Themen loszulassen, und ich f\u00fchle mich in mir sehr ruhig und klar.<\/p>\n\t\t\t\t\t<\/div>\n\t\t\t\t\t\t\t\t\t<\/div>\n\t\t\t\t\t\t<div class=\"elementor-testimonial__footer\">\n\t\t\t\t\t\t\t\t\t<div class=\"elementor-testimonial__image\">\n\t\t\t\t\t\t<img decoding=\"async\" src=\"https:\/\/healingfromsource.com\/wp-content\/uploads\/2021\/09\/Contact-page-image.jpg\" alt=\"Inge\">\n\t\t\t\t\t\t\t\t\t\t\t<\/div>\n\t\t\t\t\t\t\t\t<cite class=\"elementor-testimonial__cite\"><span class=\"elementor-testimonial__name\">Inge<\/span><\/cite>\t\t\t<\/div>\n\t\t<\/div>\n\t\t\t\t\t\t\t\t<\/div>\n\t\t\t\t\t\t\t\t\t\t\t<div class=\"swiper-slide\" role=\"group\" aria-roledescription=\"slide\">\n\t\t\t\t\t\t\t\t\t<div class=\"elementor-testimonial\">\n\t\t\t\t\t\t\t<div class=\"elementor-testimonial__content\">\n\t\t\t\t\t<div class=\"elementor-testimonial__text\">\n\t\t\t\t\t\t<p>...und da ist eine Energie von Liebe und \u201eEchtheit\u201c, die ich bei Ihnen sp\u00fcre, zusammen mit einem sanften, freundlichen, authentischen und bodenst\u00e4ndigen, liebevollen Ansatz, an den ich mich wenden wollte... danke f\u00fcr den sicheren Raum, den Sie mir gegeben haben. <\/p>\n\t\t\t\t\t<\/div>\n\t\t\t\t\t\t\t\t\t<\/div>\n\t\t\t\t\t\t<div class=\"elementor-testimonial__footer\">\n\t\t\t\t\t\t\t\t\t<div class=\"elementor-testimonial__image\">\n\t\t\t\t\t\t<img decoding=\"async\" src=\"https:\/\/healingfromsource.com\/wp-content\/uploads\/2023\/03\/hans-ripa-OlBmdQAy7qw-unsplash-scaled.jpg\" alt=\"Michelle A.\">\n\t\t\t\t\t\t\t\t\t\t\t<\/div>\n\t\t\t\t\t\t\t\t<cite class=\"elementor-testimonial__cite\"><span class=\"elementor-testimonial__name\">Michelle A.<\/span><\/cite>\t\t\t<\/div>\n\t\t<\/div>\n\t\t\t\t\t\t\t\t<\/div>\n\t\t\t\t\t\t\t\t\t\t\t<div class=\"swiper-slide\" role=\"group\" aria-roledescription=\"slide\">\n\t\t\t\t\t\t\t\t\t<div class=\"elementor-testimonial\">\n\t\t\t\t\t\t\t<div class=\"elementor-testimonial__content\">\n\t\t\t\t\t<div class=\"elementor-testimonial__text\">\n\t\t\t\t\t\t<p>Ich habe viele Male an Sandras Kursen zur K\u00f6rperwahrnehmung teilgenommen, und jedes Mal war es eine wunderbare Gelegenheit, innezuhalten, in meinen K\u00f6rper hineinzusp\u00fcren und ein Bewusstsein daf\u00fcr zu entwickeln, wie ich meinen K\u00f6rper bewege. Sandra hat mir auf liebevolle Weise gezeigt, wie ich mich wieder mit meinem K\u00f6rper verbinden und ihn in Harmonie bewegen kann. Nach den Kursen f\u00fchlte ich mich ruhig und still.  <\/p>\n\t\t\t\t\t<\/div>\n\t\t\t\t\t\t\t\t\t<\/div>\n\t\t\t\t\t\t<div class=\"elementor-testimonial__footer\">\n\t\t\t\t\t\t\t\t<cite class=\"elementor-testimonial__cite\"><span class=\"elementor-testimonial__name\">Susanne<\/span><\/cite>\t\t\t<\/div>\n\t\t<\/div>\n\t\t\t\t\t\t\t\t<\/div>\n\t\t\t\t\t\t\t\t\t\t\t<div class=\"swiper-slide\" role=\"group\" aria-roledescription=\"slide\">\n\t\t\t\t\t\t\t\t\t<div class=\"elementor-testimonial\">\n\t\t\t\t\t\t\t<div class=\"elementor-testimonial__content\">\n\t\t\t\t\t<div class=\"elementor-testimonial__text\">\n\t\t\t\t\t\t<p>Ich LIEBE diese Workshops zur Traumheilung. Sie sind so gro\u00dfartig, dass ich sie jede Woche machen w\u00fcrde, wenn ich die M\u00f6glichkeit h\u00e4tte. In den letzten Wochen f\u00e4llt es mir deutlich leichter, in meinen K\u00f6rper zu gleiten, Sicherheit zu finden &amp; mich zu erden. Sie waren so hilfreich f\u00fcr mich und daf\u00fcr, wo ich gerade stehe \ud83d\ude4f Danke, Sandra!    <\/p>\n\t\t\t\t\t<\/div>\n\t\t\t\t\t\t\t\t\t<\/div>\n\t\t\t\t\t\t<div class=\"elementor-testimonial__footer\">\n\t\t\t\t\t\t\t\t<cite class=\"elementor-testimonial__cite\"><span class=\"elementor-testimonial__name\">Bree<\/span><\/cite>\t\t\t<\/div>\n\t\t<\/div>\n\t\t\t\t\t\t\t\t<\/div>\n\t\t\t\t\t\t\t\t\t<\/div>\n\t\t\t\t\t\t\t\t\t\t\t\t\t\t\t<div class=\"elementor-swiper-button elementor-swiper-button-prev\" role=\"button\" tabindex=\"0\" aria-label=\"Voriger\">\n\t\t\t\t\t\t\t<i aria-hidden=\"true\" class=\"eicon-chevron-left\"><\/i>\t\t\t\t\t\t<\/div>\n\t\t\t\t\t\t<div class=\"elementor-swiper-button elementor-swiper-button-next\" role=\"button\" tabindex=\"0\" aria-label=\"N\u00e4chster\">\n\t\t\t\t\t\t\t<i aria-hidden=\"true\" class=\"eicon-chevron-right\"><\/i>\t\t\t\t\t\t<\/div>\n\t\t\t\t\t\t\t\t\t\t\t\t\t\t\t\t<div class=\"swiper-pagination\"><\/div>\n\t\t\t\t\t\t\t\t\t\t\t\t<\/div>\n\t\t\t\t<\/div>\n\t\t\t\t\t\t\t\t<\/div>\n\t\t\t\t<\/div>\n\t\t\t\t<div class=\"elementor-element elementor-element-e6899d2 elementor-widget elementor-widget-spacer\" data-id=\"e6899d2\" data-element_type=\"widget\" data-e-type=\"widget\" data-widget_type=\"spacer.default\">\n\t\t\t\t<div class=\"elementor-widget-container\">\n\t\t\t\t\t\t\t<div class=\"elementor-spacer\">\n\t\t\t<div class=\"elementor-spacer-inner\"><\/div>\n\t\t<\/div>\n\t\t\t\t\t\t<\/div>\n\t\t\t\t<\/div>\n\t\t\t\t\t<\/div>\n\t\t<\/div>\n\t\t\t\t\t<\/div>\n\t\t<\/section>\n\t\t\t\t<\/div>\n\t\t","protected":false},"excerpt":{"rendered":"<p>Somatische Psychotherapie (online) Somatische Psychotherapie (oder k\u00f6rperzentrierte Psychotherapie) ist ein ganzheitliches Psychotherapiemodell, das K\u00f6rper und Geist in den psychotherapeutischen Heilungsprozess einbezieht. Dadurch unterst\u00fctzt sie bei emotionalen, psychischen und k\u00f6rperlichen Symptomen [&hellip;]<\/p>\n","protected":false},"author":1,"featured_media":4229,"parent":0,"menu_order":0,"comment_status":"closed","ping_status":"closed","template":"","meta":{"_price":"","_stock":"","_tribe_ticket_header":"","_tribe_default_ticket_provider":"","_tribe_ticket_capacity":"0","_ticket_start_date":"","_ticket_end_date":"","_tribe_ticket_show_description":"","_tribe_ticket_show_not_going":false,"_tribe_ticket_use_global_stock":"","_tribe_ticket_global_stock_level":"","_global_stock_mode":"","_global_stock_cap":"","_tribe_rsvp_for_event":"","_tribe_ticket_going_count":"","_tribe_ticket_not_going_count":"","_tribe_tickets_list":"[]","_tribe_ticket_has_attendee_info_fields":false,"footnotes":"","_tec_slr_enabled":"","_tec_slr_layout":""},"class_list":["post-4318","page","type-page","status-publish","has-post-thumbnail","hentry"],"ticketed":false,"_links":{"self":[{"href":"https:\/\/healingfromsource.com\/de\/wp-json\/wp\/v2\/pages\/4318","targetHints":{"allow":["GET"]}}],"collection":[{"href":"https:\/\/healingfromsource.com\/de\/wp-json\/wp\/v2\/pages"}],"about":[{"href":"https:\/\/healingfromsource.com\/de\/wp-json\/wp\/v2\/types\/page"}],"author":[{"embeddable":true,"href":"https:\/\/healingfromsource.com\/de\/wp-json\/wp\/v2\/users\/1"}],"replies":[{"embeddable":true,"href":"https:\/\/healingfromsource.com\/de\/wp-json\/wp\/v2\/comments?post=4318"}],"version-history":[{"count":1,"href":"https:\/\/healingfromsource.com\/de\/wp-json\/wp\/v2\/pages\/4318\/revisions"}],"predecessor-version":[{"id":4323,"href":"https:\/\/healingfromsource.com\/de\/wp-json\/wp\/v2\/pages\/4318\/revisions\/4323"}],"wp:featuredmedia":[{"embeddable":true,"href":"https:\/\/healingfromsource.com\/de\/wp-json\/wp\/v2\/media\/4229"}],"wp:attachment":[{"href":"https:\/\/healingfromsource.com\/de\/wp-json\/wp\/v2\/media?parent=4318"}],"curies":[{"name":"wp","href":"https:\/\/api.w.org\/{rel}","templated":true}]}}