{"id":4306,"date":"2021-09-13T21:00:18","date_gmt":"2021-09-13T19:00:18","guid":{"rendered":"https:\/\/healingfromsource.com\/kraeuter-ernaehrung\/"},"modified":"2026-04-14T09:50:38","modified_gmt":"2026-04-14T07:50:38","slug":"kraeuter-ernaehrung","status":"publish","type":"page","link":"https:\/\/healingfromsource.com\/de\/kraeuter-ernaehrung\/","title":{"rendered":"Kr\u00e4uter &amp; Ern\u00e4hrung"},"content":{"rendered":"\t\t<div data-elementor-type=\"wp-page\" data-elementor-id=\"4306\" class=\"elementor elementor-4306 elementor-481\" data-elementor-post-type=\"page\">\n\t\t\t\t\t\t<section class=\"elementor-section elementor-top-section elementor-element elementor-element-8369c25 elementor-section-boxed elementor-section-height-default elementor-section-height-default\" data-id=\"8369c25\" data-element_type=\"section\" data-e-type=\"section\">\n\t\t\t\t\t\t<div class=\"elementor-container elementor-column-gap-default\">\n\t\t\t\t\t<div class=\"elementor-column elementor-col-33 elementor-top-column elementor-element elementor-element-f8df79d\" data-id=\"f8df79d\" data-element_type=\"column\" data-e-type=\"column\">\n\t\t\t<div class=\"elementor-widget-wrap elementor-element-populated\">\n\t\t\t\t\t\t<div class=\"elementor-element elementor-element-7b38292 elementor-widget elementor-widget-image\" data-id=\"7b38292\" data-element_type=\"widget\" data-e-type=\"widget\" data-widget_type=\"image.default\">\n\t\t\t\t<div class=\"elementor-widget-container\">\n\t\t\t\t\t\t\t\t\t\t\t\t\t\t\t<img fetchpriority=\"high\" decoding=\"async\" width=\"2560\" height=\"1707\" src=\"https:\/\/healingfromsource.com\/wp-content\/uploads\/2021\/09\/services-Herbal-Medicine-scaled.jpg\" class=\"attachment-full size-full wp-image-4309\" alt=\"Kr\u00e4uter-Ern\u00e4hrung-\u00e4therische-\u00d6le\" srcset=\"https:\/\/healingfromsource.com\/wp-content\/uploads\/2021\/09\/services-Herbal-Medicine-scaled.jpg 2560w, https:\/\/healingfromsource.com\/wp-content\/uploads\/2021\/09\/services-Herbal-Medicine-300x200.jpg 300w, https:\/\/healingfromsource.com\/wp-content\/uploads\/2021\/09\/services-Herbal-Medicine-1024x683.jpg 1024w, https:\/\/healingfromsource.com\/wp-content\/uploads\/2021\/09\/services-Herbal-Medicine-768x512.jpg 768w, https:\/\/healingfromsource.com\/wp-content\/uploads\/2021\/09\/services-Herbal-Medicine-1536x1024.jpg 1536w, https:\/\/healingfromsource.com\/wp-content\/uploads\/2021\/09\/services-Herbal-Medicine-2048x1365.jpg 2048w\" sizes=\"(max-width: 2560px) 100vw, 2560px\" \/>\t\t\t\t\t\t\t\t\t\t\t\t\t\t\t<\/div>\n\t\t\t\t<\/div>\n\t\t\t\t\t<\/div>\n\t\t<\/div>\n\t\t\t\t<div class=\"elementor-column elementor-col-66 elementor-top-column elementor-element elementor-element-725b181\" data-id=\"725b181\" data-element_type=\"column\" data-e-type=\"column\">\n\t\t\t<div class=\"elementor-widget-wrap elementor-element-populated\">\n\t\t\t\t\t\t<div class=\"elementor-element elementor-element-87cd892 elementor-widget elementor-widget-heading\" data-id=\"87cd892\" data-element_type=\"widget\" data-e-type=\"widget\" data-widget_type=\"heading.default\">\n\t\t\t\t<div class=\"elementor-widget-container\">\n\t\t\t\t\t<h1 class=\"elementor-heading-title elementor-size-default\">Kr\u00e4uter, Ern\u00e4hrung und \u00e4therische \u00d6le<\/h1>\t\t\t\t<\/div>\n\t\t\t\t<\/div>\n\t\t\t\t<div class=\"elementor-element elementor-element-a017f01 elementor-widget elementor-widget-text-editor\" data-id=\"a017f01\" data-element_type=\"widget\" data-e-type=\"widget\" data-widget_type=\"text-editor.default\">\n\t\t\t\t<div class=\"elementor-widget-container\">\n\t\t\t\t\t\t\t\t\t<p>Aufgrund ihrer europ\u00e4ischen Herkunft zeigte Sandra bereits seit ihren fr\u00fchen Zwanzigern Interesse an traditioneller Medizin. Inspiriert durch die Geburt ihrer Kinder begann sie, Kr\u00e4utermedizin und \u201eNahrung als Medizin\u201c zu studieren. Sandra hat sich w\u00e4hrend ihrer Ausbildung und T\u00e4tigkeit als professionelle Kinesiologin intensiv mit Ern\u00e4hrungs- und Kr\u00e4utermedizin auseinandergesetzt und einen BA in westlicher Kr\u00e4utermedizin in Australien abgeschlossen.   <\/p><p>Mit ihrem ganzheitlichen Ansatz bietet Sandra ihren Klienten bei Bedarf Unterst\u00fctzung durch Nahrungserg\u00e4nzungsmittel und Kr\u00e4uter an. Sie ist spezialisiert auf Kr\u00e4uter f\u00fcr das Nervensystem, um K\u00f6rper und Geist auf dem Weg der Heilung und Neufindung des Gleichgewichts zu unterst\u00fctzen. <\/p>\t\t\t\t\t\t\t\t<\/div>\n\t\t\t\t<\/div>\n\t\t\t\t\t<\/div>\n\t\t<\/div>\n\t\t\t\t\t<\/div>\n\t\t<\/section>\n\t\t\t\t<section class=\"elementor-section elementor-top-section elementor-element elementor-element-63b5f49 elementor-section-boxed elementor-section-height-default elementor-section-height-default\" data-id=\"63b5f49\" data-element_type=\"section\" data-e-type=\"section\">\n\t\t\t\t\t\t<div class=\"elementor-container elementor-column-gap-default\">\n\t\t\t\t\t<div class=\"elementor-column elementor-col-66 elementor-top-column elementor-element elementor-element-13039e6\" data-id=\"13039e6\" data-element_type=\"column\" data-e-type=\"column\">\n\t\t\t<div class=\"elementor-widget-wrap elementor-element-populated\">\n\t\t\t\t\t\t<div class=\"elementor-element elementor-element-3bf654a elementor-widget elementor-widget-text-editor\" data-id=\"3bf654a\" data-element_type=\"widget\" data-e-type=\"widget\" data-widget_type=\"text-editor.default\">\n\t\t\t\t<div class=\"elementor-widget-container\">\n\t\t\t\t\t\t\t\t\t<p>Sandra bietet derzeit Aromatherapie mit der exklusiven und biologischen <a href=\"https:\/\/www.pranarom.fr\/en\/\" target=\"_blank\" rel=\"noopener\">PRANAROM-Serie f\u00fcr \u00e4therische \u00d6le<\/a> an, die direkt aus Frankreich importiert wird. Diese exquisite Auswahl kann w\u00e4hrend Ihrer Konsultationen erworben werden. Sprechen Sie mit Sandra f\u00fcr weitere Informationen.  <\/p>\t\t\t\t\t\t\t\t<\/div>\n\t\t\t\t<\/div>\n\t\t\t\t\t<\/div>\n\t\t<\/div>\n\t\t\t\t<div class=\"elementor-column elementor-col-33 elementor-top-column elementor-element elementor-element-70918a0\" data-id=\"70918a0\" data-element_type=\"column\" data-e-type=\"column\">\n\t\t\t<div class=\"elementor-widget-wrap elementor-element-populated\">\n\t\t\t\t\t\t<div class=\"elementor-element elementor-element-9b189c8 elementor-arrows-position-inside elementor-pagination-position-outside elementor-widget elementor-widget-image-carousel\" data-id=\"9b189c8\" data-element_type=\"widget\" data-e-type=\"widget\" data-settings=\"{&quot;navigation&quot;:&quot;both&quot;,&quot;autoplay&quot;:&quot;yes&quot;,&quot;pause_on_hover&quot;:&quot;yes&quot;,&quot;pause_on_interaction&quot;:&quot;yes&quot;,&quot;autoplay_speed&quot;:5000,&quot;infinite&quot;:&quot;yes&quot;,&quot;speed&quot;:500}\" data-widget_type=\"image-carousel.default\">\n\t\t\t\t<div class=\"elementor-widget-container\">\n\t\t\t\t\t\t\t<div class=\"elementor-image-carousel-wrapper swiper\" role=\"region\" aria-roledescription=\"carousel\" aria-label=\"Image Carousel\" dir=\"ltr\">\n\t\t\t<div class=\"elementor-image-carousel swiper-wrapper\" aria-live=\"off\">\n\t\t\t\t\t\t\t\t<div class=\"swiper-slide\" role=\"group\" aria-roledescription=\"slide\" aria-label=\"1 von 2\"><figure class=\"swiper-slide-inner\"><img decoding=\"async\" class=\"swiper-slide-image\" src=\"https:\/\/healingfromsource.com\/wp-content\/uploads\/2021\/09\/pranarom-essential-oil-sandra-hotz-lavender.jpg\" alt=\"\u00e4therische-\u00d6le-Kauf-Sunshine-Coast\" \/><\/figure><\/div><div class=\"swiper-slide\" role=\"group\" aria-roledescription=\"slide\" aria-label=\"2 von 2\"><figure class=\"swiper-slide-inner\"><img decoding=\"async\" class=\"swiper-slide-image\" src=\"https:\/\/healingfromsource.com\/wp-content\/uploads\/2021\/09\/pranarom-essnetial-oildamascus-rose.jpg\" alt=\"pranarom-\u00e4therisches-\u00f6l-Damaszener-rose\" \/><\/figure><\/div>\t\t\t<\/div>\n\t\t\t\t\t\t\t\t\t\t\t\t<div class=\"elementor-swiper-button elementor-swiper-button-prev\" role=\"button\" tabindex=\"0\">\n\t\t\t\t\t\t<i aria-hidden=\"true\" class=\"eicon-chevron-left\"><\/i>\t\t\t\t\t<\/div>\n\t\t\t\t\t<div class=\"elementor-swiper-button elementor-swiper-button-next\" role=\"button\" tabindex=\"0\">\n\t\t\t\t\t\t<i aria-hidden=\"true\" class=\"eicon-chevron-right\"><\/i>\t\t\t\t\t<\/div>\n\t\t\t\t\n\t\t\t\t\t\t\t\t\t<div class=\"swiper-pagination\"><\/div>\n\t\t\t\t\t\t\t\t\t<\/div>\n\t\t\t\t\t\t<\/div>\n\t\t\t\t<\/div>\n\t\t\t\t\t<\/div>\n\t\t<\/div>\n\t\t\t\t\t<\/div>\n\t\t<\/section>\n\t\t\t\t<section class=\"elementor-section elementor-top-section elementor-element elementor-element-2d1364f elementor-section-content-bottom elementor-section-boxed elementor-section-height-default elementor-section-height-default\" data-id=\"2d1364f\" data-element_type=\"section\" data-e-type=\"section\">\n\t\t\t\t\t\t<div class=\"elementor-container elementor-column-gap-extended\">\n\t\t\t\t\t<div class=\"elementor-column elementor-col-50 elementor-top-column elementor-element elementor-element-fce8eba\" data-id=\"fce8eba\" data-element_type=\"column\" data-e-type=\"column\">\n\t\t\t<div class=\"elementor-widget-wrap elementor-element-populated\">\n\t\t\t\t\t\t<div class=\"elementor-element elementor-element-9d9225a elementor-widget__width-initial elementor-widget elementor-widget-text-editor\" data-id=\"9d9225a\" data-element_type=\"widget\" data-e-type=\"widget\" data-widget_type=\"text-editor.default\">\n\t\t\t\t<div class=\"elementor-widget-container\">\n\t\t\t\t\t\t\t\t\t<p> <\/p><p>Sandra ist eine registrierte Kr\u00e4uterkundlerin und aktives Mitglied der Australian Natural Therapists Association (2025\/26).<\/p>\t\t\t\t\t\t\t\t<\/div>\n\t\t\t\t<\/div>\n\t\t\t\t\t<\/div>\n\t\t<\/div>\n\t\t\t\t<div class=\"elementor-column elementor-col-50 elementor-top-column elementor-element elementor-element-35d9990\" data-id=\"35d9990\" data-element_type=\"column\" data-e-type=\"column\">\n\t\t\t<div class=\"elementor-widget-wrap elementor-element-populated\">\n\t\t\t\t\t\t<div class=\"elementor-element elementor-element-76ffd0c elementor-widget__width-initial elementor-widget elementor-widget-image\" data-id=\"76ffd0c\" data-element_type=\"widget\" data-e-type=\"widget\" data-widget_type=\"image.default\">\n\t\t\t\t<div class=\"elementor-widget-container\">\n\t\t\t\t\t\t\t\t\t\t\t\t\t\t\t<img decoding=\"async\" width=\"300\" height=\"300\" src=\"https:\/\/healingfromsource.com\/wp-content\/uploads\/2025\/05\/ANTA-Logo-CMYK-300x300.jpg\" class=\"attachment-medium size-medium wp-image-4310\" alt=\"\" srcset=\"https:\/\/healingfromsource.com\/wp-content\/uploads\/2025\/05\/ANTA-Logo-CMYK-300x300.jpg 300w, https:\/\/healingfromsource.com\/wp-content\/uploads\/2025\/05\/ANTA-Logo-CMYK-1024x1024.jpg 1024w, https:\/\/healingfromsource.com\/wp-content\/uploads\/2025\/05\/ANTA-Logo-CMYK-150x150.jpg 150w, https:\/\/healingfromsource.com\/wp-content\/uploads\/2025\/05\/ANTA-Logo-CMYK-768x768.jpg 768w, https:\/\/healingfromsource.com\/wp-content\/uploads\/2025\/05\/ANTA-Logo-CMYK.jpg 1169w\" sizes=\"(max-width: 300px) 100vw, 300px\" \/>\t\t\t\t\t\t\t\t\t\t\t\t\t\t\t<\/div>\n\t\t\t\t<\/div>\n\t\t\t\t\t<\/div>\n\t\t<\/div>\n\t\t\t\t\t<\/div>\n\t\t<\/section>\n\t\t\t\t<section class=\"elementor-section elementor-top-section elementor-element elementor-element-23f65bb elementor-section-boxed elementor-section-height-default elementor-section-height-default\" data-id=\"23f65bb\" data-element_type=\"section\" data-e-type=\"section\">\n\t\t\t\t\t\t<div class=\"elementor-container elementor-column-gap-default\">\n\t\t\t\t\t<div class=\"elementor-column elementor-col-100 elementor-top-column elementor-element elementor-element-9623c5b\" data-id=\"9623c5b\" data-element_type=\"column\" data-e-type=\"column\">\n\t\t\t<div class=\"elementor-widget-wrap elementor-element-populated\">\n\t\t\t\t\t\t<div class=\"elementor-element elementor-element-996e665 elementor-widget elementor-widget-spacer\" data-id=\"996e665\" data-element_type=\"widget\" data-e-type=\"widget\" data-widget_type=\"spacer.default\">\n\t\t\t\t<div class=\"elementor-widget-container\">\n\t\t\t\t\t\t\t<div class=\"elementor-spacer\">\n\t\t\t<div class=\"elementor-spacer-inner\"><\/div>\n\t\t<\/div>\n\t\t\t\t\t\t<\/div>\n\t\t\t\t<\/div>\n\t\t\t\t<div class=\"elementor-element elementor-element-69510c7 elementor-widget elementor-widget-text-editor\" data-id=\"69510c7\" data-element_type=\"widget\" data-e-type=\"widget\" data-widget_type=\"text-editor.default\">\n\t\t\t\t<div class=\"elementor-widget-container\">\n\t\t\t\t\t\t\t\t\t<p>Wenn Sie die Unterst\u00fctzung durch Kr\u00e4uter und Ern\u00e4hrung f\u00fcr Ihren Heilungsweg besprechen m\u00f6chten, klicken Sie einfach auf die Schaltfl\u00e4che \u201eJetzt buchen\u201c.<\/p>\t\t\t\t\t\t\t\t<\/div>\n\t\t\t\t<\/div>\n\t\t\t\t<div class=\"elementor-element elementor-element-5be7605 elementor-align-center elementor-widget elementor-widget-button\" data-id=\"5be7605\" data-element_type=\"widget\" data-e-type=\"widget\" data-widget_type=\"button.default\">\n\t\t\t\t<div class=\"elementor-widget-container\">\n\t\t\t\t\t\t\t\t\t<div class=\"elementor-button-wrapper\">\n\t\t\t\t\t<a class=\"elementor-button elementor-button-link elementor-size-sm\" href=\"https:\/\/healingfromsource.com\/de\/buchungen\/\" target=\"_blank\">\n\t\t\t\t\t\t<span class=\"elementor-button-content-wrapper\">\n\t\t\t\t\t\t\t\t\t<span class=\"elementor-button-text\">Jetzt buchen<\/span>\n\t\t\t\t\t<\/span>\n\t\t\t\t\t<\/a>\n\t\t\t\t<\/div>\n\t\t\t\t\t\t\t\t<\/div>\n\t\t\t\t<\/div>\n\t\t\t\t\t<\/div>\n\t\t<\/div>\n\t\t\t\t\t<\/div>\n\t\t<\/section>\n\t\t\t\t<section class=\"elementor-section elementor-top-section elementor-element elementor-element-d6214df elementor-section-boxed elementor-section-height-default elementor-section-height-default\" data-id=\"d6214df\" data-element_type=\"section\" data-e-type=\"section\">\n\t\t\t\t\t\t<div class=\"elementor-container elementor-column-gap-default\">\n\t\t\t\t\t<div class=\"elementor-column elementor-col-100 elementor-top-column elementor-element elementor-element-4ad1c0e\" data-id=\"4ad1c0e\" data-element_type=\"column\" data-e-type=\"column\">\n\t\t\t<div class=\"elementor-widget-wrap elementor-element-populated\">\n\t\t\t\t\t\t<div class=\"elementor-element elementor-element-21e6b97 elementor-testimonial--skin-default elementor-testimonial--layout-image_inline elementor-testimonial--align-center elementor-arrows-yes elementor-pagination-type-bullets elementor-widget elementor-widget-global elementor-global-4623 elementor-global-1376 elementor-widget-testimonial-carousel\" data-id=\"21e6b97\" data-element_type=\"widget\" data-e-type=\"widget\" data-settings=\"{&quot;speed&quot;:1000,&quot;autoplay_speed&quot;:7000,&quot;show_arrows&quot;:&quot;yes&quot;,&quot;pagination&quot;:&quot;bullets&quot;,&quot;autoplay&quot;:&quot;yes&quot;,&quot;loop&quot;:&quot;yes&quot;,&quot;pause_on_hover&quot;:&quot;yes&quot;,&quot;pause_on_interaction&quot;:&quot;yes&quot;,&quot;space_between&quot;:{&quot;unit&quot;:&quot;px&quot;,&quot;size&quot;:10,&quot;sizes&quot;:[]},&quot;space_between_tablet&quot;:{&quot;unit&quot;:&quot;px&quot;,&quot;size&quot;:10,&quot;sizes&quot;:[]},&quot;space_between_mobile&quot;:{&quot;unit&quot;:&quot;px&quot;,&quot;size&quot;:10,&quot;sizes&quot;:[]}}\" data-widget_type=\"testimonial-carousel.default\">\n\t\t\t\t<div class=\"elementor-widget-container\">\n\t\t\t\t\t\t\t\t\t<div class=\"elementor-swiper\">\n\t\t\t\t\t<div class=\"elementor-main-swiper swiper\" role=\"region\" aria-roledescription=\"carousel\" aria-label=\"Slider\">\n\t\t\t\t<div class=\"swiper-wrapper\">\n\t\t\t\t\t\t\t\t\t\t\t<div class=\"swiper-slide\" role=\"group\" aria-roledescription=\"slide\">\n\t\t\t\t\t\t\t\t\t<div class=\"elementor-testimonial\">\n\t\t\t\t\t\t\t<div class=\"elementor-testimonial__content\">\n\t\t\t\t\t<div class=\"elementor-testimonial__text\">\n\t\t\t\t\t\t<p>Es ist eine wundersch\u00f6ne Erfahrung und immer wieder erstaunlich, wie die einfachen Atemmeditationspraktiken, die ich in Sandras Kursen gelernt habe, mir vor Besprechungen helfen, meine innere Stille zu finden und mit Gelassenheit und Leichtigkeit in einen gesch\u00e4ftigen Tag zu starten.<\/p>\n\t\t\t\t\t<\/div>\n\t\t\t\t\t\t\t\t\t<\/div>\n\t\t\t\t\t\t<div class=\"elementor-testimonial__footer\">\n\t\t\t\t\t\t\t\t\t<div class=\"elementor-testimonial__image\">\n\t\t\t\t\t\t<img decoding=\"async\" src=\"https:\/\/healingfromsource.com\/wp-content\/uploads\/2021\/09\/services-biodynamic-craniosacral-therapy-sunshine-coast-scaled.jpg\" alt=\"Martina Schulte\">\n\t\t\t\t\t\t\t\t\t\t\t<\/div>\n\t\t\t\t\t\t\t\t<cite class=\"elementor-testimonial__cite\"><span class=\"elementor-testimonial__name\">Martina Schulte<\/span><span class=\"elementor-testimonial__title\">Beraterin<\/span><\/cite>\t\t\t<\/div>\n\t\t<\/div>\n\t\t\t\t\t\t\t\t<\/div>\n\t\t\t\t\t\t\t\t\t\t\t<div class=\"swiper-slide\" role=\"group\" aria-roledescription=\"slide\">\n\t\t\t\t\t\t\t\t\t<div class=\"elementor-testimonial\">\n\t\t\t\t\t\t\t<div class=\"elementor-testimonial__content\">\n\t\t\t\t\t<div class=\"elementor-testimonial__text\">\n\t\t\t\t\t\t<p>In meiner dunkelsten Zeit von Verlust und Trauer hatte ich bei vielen Beraterinnen und Beratern sowie Therapeutinnen und Therapeuten Hilfe gesucht. Die einf\u00fchlsame Begleitung und Unterst\u00fctzung, die ich von Sandra erhalten habe, war au\u00dfergew\u00f6hnlich. Mit Dankbarkeit empfehle ich Sandra Hotz und ihre engagierte Arbeit von ganzem Herzen.  <\/p>\n\t\t\t\t\t<\/div>\n\t\t\t\t\t\t\t\t\t<\/div>\n\t\t\t\t\t\t<div class=\"elementor-testimonial__footer\">\n\t\t\t\t\t\t\t\t\t<div class=\"elementor-testimonial__image\">\n\t\t\t\t\t\t<img decoding=\"async\" src=\"https:\/\/healingfromsource.com\/wp-content\/uploads\/2021\/09\/lotus-flower-for-peace.jpg\" alt=\"Rabekah Scott-Heart\">\n\t\t\t\t\t\t\t\t\t\t\t<\/div>\n\t\t\t\t\t\t\t\t<cite class=\"elementor-testimonial__cite\"><span class=\"elementor-testimonial__name\">Rabekah Scott-Heart<\/span><\/cite>\t\t\t<\/div>\n\t\t<\/div>\n\t\t\t\t\t\t\t\t<\/div>\n\t\t\t\t\t\t\t\t\t\t\t<div class=\"swiper-slide\" role=\"group\" aria-roledescription=\"slide\">\n\t\t\t\t\t\t\t\t\t<div class=\"elementor-testimonial\">\n\t\t\t\t\t\t\t<div class=\"elementor-testimonial__content\">\n\t\t\t\t\t<div class=\"elementor-testimonial__text\">\n\t\t\t\t\t\t<p>Sandras Sitzungen zur K\u00f6rperwahrnehmung haben mich immer wieder zu mir selbst zur\u00fcckgebracht, mir geholfen, Themen loszulassen, und ich f\u00fchle mich in mir sehr ruhig und klar.<\/p>\n\t\t\t\t\t<\/div>\n\t\t\t\t\t\t\t\t\t<\/div>\n\t\t\t\t\t\t<div class=\"elementor-testimonial__footer\">\n\t\t\t\t\t\t\t\t\t<div class=\"elementor-testimonial__image\">\n\t\t\t\t\t\t<img decoding=\"async\" src=\"https:\/\/healingfromsource.com\/wp-content\/uploads\/2021\/09\/Contact-page-image.jpg\" alt=\"Inge\">\n\t\t\t\t\t\t\t\t\t\t\t<\/div>\n\t\t\t\t\t\t\t\t<cite class=\"elementor-testimonial__cite\"><span class=\"elementor-testimonial__name\">Inge<\/span><\/cite>\t\t\t<\/div>\n\t\t<\/div>\n\t\t\t\t\t\t\t\t<\/div>\n\t\t\t\t\t\t\t\t\t\t\t<div class=\"swiper-slide\" role=\"group\" aria-roledescription=\"slide\">\n\t\t\t\t\t\t\t\t\t<div class=\"elementor-testimonial\">\n\t\t\t\t\t\t\t<div class=\"elementor-testimonial__content\">\n\t\t\t\t\t<div class=\"elementor-testimonial__text\">\n\t\t\t\t\t\t<p>...und da ist eine Energie von Liebe und \u201eEchtheit\u201c, die ich bei Ihnen sp\u00fcre, zusammen mit einem sanften, freundlichen, authentischen und bodenst\u00e4ndigen, liebevollen Ansatz, an den ich mich wenden wollte... danke f\u00fcr den sicheren Raum, den Sie mir gegeben haben. <\/p>\n\t\t\t\t\t<\/div>\n\t\t\t\t\t\t\t\t\t<\/div>\n\t\t\t\t\t\t<div class=\"elementor-testimonial__footer\">\n\t\t\t\t\t\t\t\t\t<div class=\"elementor-testimonial__image\">\n\t\t\t\t\t\t<img decoding=\"async\" src=\"https:\/\/healingfromsource.com\/wp-content\/uploads\/2023\/03\/hans-ripa-OlBmdQAy7qw-unsplash-scaled.jpg\" alt=\"Michelle A.\">\n\t\t\t\t\t\t\t\t\t\t\t<\/div>\n\t\t\t\t\t\t\t\t<cite class=\"elementor-testimonial__cite\"><span class=\"elementor-testimonial__name\">Michelle A.<\/span><\/cite>\t\t\t<\/div>\n\t\t<\/div>\n\t\t\t\t\t\t\t\t<\/div>\n\t\t\t\t\t\t\t\t\t\t\t<div class=\"swiper-slide\" role=\"group\" aria-roledescription=\"slide\">\n\t\t\t\t\t\t\t\t\t<div class=\"elementor-testimonial\">\n\t\t\t\t\t\t\t<div class=\"elementor-testimonial__content\">\n\t\t\t\t\t<div class=\"elementor-testimonial__text\">\n\t\t\t\t\t\t<p>Ich habe viele Male an Sandras Kursen zur K\u00f6rperwahrnehmung teilgenommen, und jedes Mal war es eine wunderbare Gelegenheit, innezuhalten, in meinen K\u00f6rper hineinzusp\u00fcren und ein Bewusstsein daf\u00fcr zu entwickeln, wie ich meinen K\u00f6rper bewege. Sandra hat mir auf liebevolle Weise gezeigt, wie ich mich wieder mit meinem K\u00f6rper verbinden und ihn in Harmonie bewegen kann. Nach den Kursen f\u00fchlte ich mich ruhig und still.  <\/p>\n\t\t\t\t\t<\/div>\n\t\t\t\t\t\t\t\t\t<\/div>\n\t\t\t\t\t\t<div class=\"elementor-testimonial__footer\">\n\t\t\t\t\t\t\t\t<cite class=\"elementor-testimonial__cite\"><span class=\"elementor-testimonial__name\">Susanne<\/span><\/cite>\t\t\t<\/div>\n\t\t<\/div>\n\t\t\t\t\t\t\t\t<\/div>\n\t\t\t\t\t\t\t\t\t\t\t<div class=\"swiper-slide\" role=\"group\" aria-roledescription=\"slide\">\n\t\t\t\t\t\t\t\t\t<div class=\"elementor-testimonial\">\n\t\t\t\t\t\t\t<div class=\"elementor-testimonial__content\">\n\t\t\t\t\t<div class=\"elementor-testimonial__text\">\n\t\t\t\t\t\t<p>Ich LIEBE diese Workshops zur Traumheilung. Sie sind so gro\u00dfartig, dass ich sie jede Woche machen w\u00fcrde, wenn ich die M\u00f6glichkeit h\u00e4tte. In den letzten Wochen f\u00e4llt es mir deutlich leichter, in meinen K\u00f6rper zu gleiten, Sicherheit zu finden &amp; mich zu erden. Sie waren so hilfreich f\u00fcr mich und daf\u00fcr, wo ich gerade stehe \ud83d\ude4f Danke, Sandra!    <\/p>\n\t\t\t\t\t<\/div>\n\t\t\t\t\t\t\t\t\t<\/div>\n\t\t\t\t\t\t<div class=\"elementor-testimonial__footer\">\n\t\t\t\t\t\t\t\t<cite class=\"elementor-testimonial__cite\"><span class=\"elementor-testimonial__name\">Bree<\/span><\/cite>\t\t\t<\/div>\n\t\t<\/div>\n\t\t\t\t\t\t\t\t<\/div>\n\t\t\t\t\t\t\t\t\t<\/div>\n\t\t\t\t\t\t\t\t\t\t\t\t\t\t\t<div class=\"elementor-swiper-button elementor-swiper-button-prev\" role=\"button\" tabindex=\"0\" aria-label=\"Voriger\">\n\t\t\t\t\t\t\t<i aria-hidden=\"true\" class=\"eicon-chevron-left\"><\/i>\t\t\t\t\t\t<\/div>\n\t\t\t\t\t\t<div class=\"elementor-swiper-button elementor-swiper-button-next\" role=\"button\" tabindex=\"0\" aria-label=\"N\u00e4chster\">\n\t\t\t\t\t\t\t<i aria-hidden=\"true\" class=\"eicon-chevron-right\"><\/i>\t\t\t\t\t\t<\/div>\n\t\t\t\t\t\t\t\t\t\t\t\t\t\t\t\t<div class=\"swiper-pagination\"><\/div>\n\t\t\t\t\t\t\t\t\t\t\t\t<\/div>\n\t\t\t\t<\/div>\n\t\t\t\t\t\t\t\t<\/div>\n\t\t\t\t<\/div>\n\t\t\t\t\t<\/div>\n\t\t<\/div>\n\t\t\t\t\t<\/div>\n\t\t<\/section>\n\t\t\t\t<section class=\"elementor-section elementor-top-section elementor-element elementor-element-6ea47bb elementor-section-boxed elementor-section-height-default elementor-section-height-default\" data-id=\"6ea47bb\" data-element_type=\"section\" data-e-type=\"section\">\n\t\t\t\t\t\t<div class=\"elementor-container elementor-column-gap-default\">\n\t\t\t\t\t<div class=\"elementor-column elementor-col-100 elementor-top-column elementor-element elementor-element-b7c3bbb\" data-id=\"b7c3bbb\" data-element_type=\"column\" data-e-type=\"column\">\n\t\t\t<div class=\"elementor-widget-wrap\">\n\t\t\t\t\t\t\t<\/div>\n\t\t<\/div>\n\t\t\t\t\t<\/div>\n\t\t<\/section>\n\t\t\t\t<\/div>\n\t\t","protected":false},"excerpt":{"rendered":"<p>Kr\u00e4uter, Ern\u00e4hrung und \u00e4therische \u00d6le Aufgrund ihrer europ\u00e4ischen Herkunft zeigte Sandra bereits seit ihren fr\u00fchen Zwanzigern Interesse an traditioneller Medizin. Inspiriert durch die Geburt ihrer Kinder begann sie, Kr\u00e4utermedizin und [&hellip;]<\/p>\n","protected":false},"author":1,"featured_media":4296,"parent":0,"menu_order":0,"comment_status":"closed","ping_status":"closed","template":"","meta":{"_price":"","_stock":"","_tribe_ticket_header":"","_tribe_default_ticket_provider":"","_tribe_ticket_capacity":"0","_ticket_start_date":"","_ticket_end_date":"","_tribe_ticket_show_description":"","_tribe_ticket_show_not_going":false,"_tribe_ticket_use_global_stock":"","_tribe_ticket_global_stock_level":"","_global_stock_mode":"","_global_stock_cap":"","_tribe_rsvp_for_event":"","_tribe_ticket_going_count":"","_tribe_ticket_not_going_count":"","_tribe_tickets_list":"[]","_tribe_ticket_has_attendee_info_fields":false,"footnotes":"","_tec_slr_enabled":"","_tec_slr_layout":""},"class_list":["post-4306","page","type-page","status-publish","has-post-thumbnail","hentry"],"ticketed":false,"_links":{"self":[{"href":"https:\/\/healingfromsource.com\/de\/wp-json\/wp\/v2\/pages\/4306","targetHints":{"allow":["GET"]}}],"collection":[{"href":"https:\/\/healingfromsource.com\/de\/wp-json\/wp\/v2\/pages"}],"about":[{"href":"https:\/\/healingfromsource.com\/de\/wp-json\/wp\/v2\/types\/page"}],"author":[{"embeddable":true,"href":"https:\/\/healingfromsource.com\/de\/wp-json\/wp\/v2\/users\/1"}],"replies":[{"embeddable":true,"href":"https:\/\/healingfromsource.com\/de\/wp-json\/wp\/v2\/comments?post=4306"}],"version-history":[{"count":1,"href":"https:\/\/healingfromsource.com\/de\/wp-json\/wp\/v2\/pages\/4306\/revisions"}],"predecessor-version":[{"id":4311,"href":"https:\/\/healingfromsource.com\/de\/wp-json\/wp\/v2\/pages\/4306\/revisions\/4311"}],"wp:featuredmedia":[{"embeddable":true,"href":"https:\/\/healingfromsource.com\/de\/wp-json\/wp\/v2\/media\/4296"}],"wp:attachment":[{"href":"https:\/\/healingfromsource.com\/de\/wp-json\/wp\/v2\/media?parent=4306"}],"curies":[{"name":"wp","href":"https:\/\/api.w.org\/{rel}","templated":true}]}}