{"id":4300,"date":"2026-02-26T12:29:15","date_gmt":"2026-02-26T11:29:15","guid":{"rendered":"https:\/\/healingfromsource.com\/datenschutzerklaerung\/"},"modified":"2026-04-14T09:50:21","modified_gmt":"2026-04-14T07:50:21","slug":"datenschutzerklaerung","status":"publish","type":"page","link":"https:\/\/healingfromsource.com\/de\/datenschutzerklaerung\/","title":{"rendered":"Datenschutzerkl\u00e4rung"},"content":{"rendered":"\t\t<div data-elementor-type=\"wp-page\" data-elementor-id=\"4300\" class=\"elementor elementor-4300 elementor-3875\" data-elementor-post-type=\"page\">\n\t\t\t\t\t\t<section class=\"elementor-section elementor-top-section elementor-element elementor-element-6d41ca26 elementor-section-boxed elementor-section-height-default elementor-section-height-default\" data-id=\"6d41ca26\" data-element_type=\"section\" data-e-type=\"section\">\n\t\t\t\t\t\t<div class=\"elementor-container elementor-column-gap-default\">\n\t\t\t\t\t<div class=\"elementor-column elementor-col-100 elementor-top-column elementor-element elementor-element-386c799e\" data-id=\"386c799e\" data-element_type=\"column\" data-e-type=\"column\">\n\t\t\t<div class=\"elementor-widget-wrap elementor-element-populated\">\n\t\t\t\t\t\t<div class=\"elementor-element elementor-element-6bb902aa elementor-widget elementor-widget-text-editor\" data-id=\"6bb902aa\" data-element_type=\"widget\" data-e-type=\"widget\" data-widget_type=\"text-editor.default\">\n\t\t\t\t<div class=\"elementor-widget-container\">\n\t\t\t\t\t\t\t\t\t<p><strong>Datenschutzerkl\u00e4rung (DSE) Version vom 1. Oktober 2025 <\/strong><\/p>\n<p>Ich, Sandra Hotz von der komplement\u00e4rtherapeutischen Praxis \u00abDeep Presence\u00bb, Kleinstadt 2a, 6440 Brunnen, halte mich an die folgenden Regeln gem\u00e4ss Datenschutzgesetz und Datenschutzverordnung.<\/p>\n<p>Zweck dieser Datenschutzerkl\u00e4rung ist es, Sie als meine Klient*in \u00fcber meinen Umgang mit Ihren pers\u00f6nlichen und sensiblen Daten, die in meiner Praxis gesammelt werden, zu informieren.<\/p>\n<p>Es werden nur solche Daten bearbeitet, die mit der therapeutischen Behandlung im Zusammenhang stehen oder die f\u00fcr eine Information \u00fcber allf\u00e4llige Angebote relevant sind. Es handelt sich dabei ausschliesslich um Daten, die ich mit Ihrem Einverst\u00e4ndnis aufgenommen habe, die Sie mir haben zukommen lassen oder die in \u00f6ffentlich zug\u00e4nglichen Verzeichnissen (Telefonbuch etc.) zu finden sind. Dies k\u00f6nnen allgemeine Daten zu Ihrer Person (Name, Anschrift, Telefonnummer usw.), Angaben zu Ihrer Gesundheit\/zum Krankheitsverlauf, bereits gestellte Diagnosen und gegebenenfalls weitere Daten sein, welche Sie uns aufgrund der Behandlung \u00fcbermittelt haben (Patientendossiers).  <\/p>\n<p>Gesammelt, gespeichert und bearbeitet werden diese Daten ausschliesslich in Ihrem Patient*innendossier bzw. in dem f\u00fcr die Administration notwendigen Dossier, insbesondere in der f\u00fcr die Fakturierung gem\u00e4ss Tarif 590 notwendigen App. In diesen beiden Aufbewahrungsorten sind s\u00e4mtliche an Ihren Daten vorgenommenen Bearbeitungsschritte inklusive der verantwortlichen Personen nachvollziehbar.  <\/p>\n<p>Ihre personenbezogenen Daten geben wir ausschliesslich an Personen oder Bereiche unserer Praxis weiter, die diese zur Erf\u00fcllung der vertraglichen und gesetzlichen Pflichten ben\u00f6tigen. Diese sind \u00fcber die geltenden Datenschutzregeln informiert und verpflichtet, diese einzuhalten. <\/p>\n<p>Weiteren Personen oder Institutionen (Versicherer etc.) werden Ihre Daten oder Teile davon ausschliesslich mit Ihrem expliziten Einverst\u00e4ndnis zug\u00e4nglich gemacht. Als Ausnahmen gelten richterliche Anordnungen oder die Durchsetzung berechtigter Anspr\u00fcche seitens der Praxis. <\/p>\n<p>Soweit Ihre Daten physisch gesammelt und bearbeitet werden, werden diese in einem abschliessbaren, unbefugten Drittpersonen nicht zug\u00e4nglichen Raum oder Schrank aufbewahrt. Elektronisch gesammelte Daten werden gesichert aufbewahrt (Firewall, Passwort etc.). <\/p>\n<p>Wo nicht kantonale oder andere gesetzliche Regelungen anders bestimmen, werden Ihre von mir gesammelten Daten zwanzig Jahre nach Ihrer letzten Konsultation in unserer\/meiner Praxis gel\u00f6scht.<\/p>\n<p>Die schriftliche Kommunikation zwischen meiner Praxis und Ihnen findet per E-Mail, SMS oder WhatsApp statt. Die Praxis verwendet den Kommunikationsweg, welchen Sie als Klient*in benutzen\/w\u00e4hlen. Sie sind sich \u00fcber m\u00f6gliche Risiken des Datenaustausches insbesondere sch\u00fctzenswerter Daten (m\u00f6gliche Einsicht von unberechtigten Dritten bei unsicheren Kommunikationswegen wie oben genannt) bewusst und damit einverstanden. Administrative Anliegen wie z.B.: Terminverschiebungen, Rechnungskopien, Arztberichte, Formular &#8222;Aufhebung der Schweigepflicht&#8220;, erfolgen via E-Mail. Entweder mit einem \u00fcblichen Verschl\u00fcsselungsprogramm verschl\u00fcsselt oder \u2013 mit Ihrem schriftlichen Einverst\u00e4ndnis \u2013 unverschl\u00fcsselt.    <\/p>\n<p>Als gegenw\u00e4rtige oder ehemalige Klient*in k\u00f6nnen Sie von mir jederzeit ein Doppel aller Ihrer von mir gesammelten Daten in einem g\u00e4ngigen elektronischen Format verlangen. Nur physisch vorhandene Daten werden zu diesem Zweck gescannt und Ihnen als PDF oder in Papierform zugestellt. Die Daten werden Ihnen in der Regel kostenlos und innert maximal 30 Tagen \u00fcbergeben.  <\/p>\n<p>Verantwortlich f\u00fcr s\u00e4mtliche Fragen, die im Zusammenhang mit der Verarbeitung Ihrer personenbezogenen Daten und der Wahrnehmung Ihrer Rechte stehen, ist die f\u00fcr Sie zust\u00e4ndige Therapeut*in,<\/p>\n<p>&#8222;Deep Presence&#8220;, Sandra Hotz<\/p>\n<p>Kleinstadt 2a, 6440 Brunnen sandra@healingfromsource.com +41783058100<\/p>\n<p><\/p>\t\t\t\t\t\t\t\t<\/div>\n\t\t\t\t<\/div>\n\t\t\t\t\t<\/div>\n\t\t<\/div>\n\t\t\t\t\t<\/div>\n\t\t<\/section>\n\t\t\t\t<\/div>\n\t\t","protected":false},"excerpt":{"rendered":"<p>Datenschutzerkl\u00e4rung (DSE) Version vom 1. Oktober 2025 Ich, Sandra Hotz von der komplement\u00e4rtherapeutischen Praxis \u00abDeep Presence\u00bb, Kleinstadt 2a, 6440 Brunnen, halte mich an die folgenden Regeln gem\u00e4ss Datenschutzgesetz und Datenschutzverordnung. [&hellip;]<\/p>\n","protected":false},"author":1,"featured_media":0,"parent":0,"menu_order":0,"comment_status":"closed","ping_status":"closed","template":"","meta":{"_price":"","_stock":"","_tribe_ticket_header":"","_tribe_default_ticket_provider":"","_tribe_ticket_capacity":"0","_ticket_start_date":"","_ticket_end_date":"","_tribe_ticket_show_description":"","_tribe_ticket_show_not_going":false,"_tribe_ticket_use_global_stock":"","_tribe_ticket_global_stock_level":"","_global_stock_mode":"","_global_stock_cap":"","_tribe_rsvp_for_event":"","_tribe_ticket_going_count":"","_tribe_ticket_not_going_count":"","_tribe_tickets_list":"[]","_tribe_ticket_has_attendee_info_fields":false,"footnotes":"","_tec_slr_enabled":"","_tec_slr_layout":""},"class_list":["post-4300","page","type-page","status-publish","hentry"],"ticketed":false,"_links":{"self":[{"href":"https:\/\/healingfromsource.com\/de\/wp-json\/wp\/v2\/pages\/4300","targetHints":{"allow":["GET"]}}],"collection":[{"href":"https:\/\/healingfromsource.com\/de\/wp-json\/wp\/v2\/pages"}],"about":[{"href":"https:\/\/healingfromsource.com\/de\/wp-json\/wp\/v2\/types\/page"}],"author":[{"embeddable":true,"href":"https:\/\/healingfromsource.com\/de\/wp-json\/wp\/v2\/users\/1"}],"replies":[{"embeddable":true,"href":"https:\/\/healingfromsource.com\/de\/wp-json\/wp\/v2\/comments?post=4300"}],"version-history":[{"count":3,"href":"https:\/\/healingfromsource.com\/de\/wp-json\/wp\/v2\/pages\/4300\/revisions"}],"predecessor-version":[{"id":4305,"href":"https:\/\/healingfromsource.com\/de\/wp-json\/wp\/v2\/pages\/4300\/revisions\/4305"}],"wp:attachment":[{"href":"https:\/\/healingfromsource.com\/de\/wp-json\/wp\/v2\/media?parent=4300"}],"curies":[{"name":"wp","href":"https:\/\/api.w.org\/{rel}","templated":true}]}}